{"id":1385,"date":"2020-04-19T17:31:15","date_gmt":"2020-04-19T16:31:15","guid":{"rendered":"http:\/\/iguala3.org\/?page_id=1385"},"modified":"2025-02-07T11:07:01","modified_gmt":"2025-02-07T10:07:01","slug":"terapia-en-casa","status":"publish","type":"page","link":"https:\/\/iguala3.org\/index.php\/terapia-en-casa\/","title":{"rendered":"Terapia En Casa"},"content":{"rendered":"\n<p>A trav\u00e9s de esta secci\u00f3n queremos poner a disposici\u00f3n de todo el mundo parte de los contenidos que peri\u00f3dicamente enviamos a nuestros asociados.<\/p>\n\n\n\n<p>En los distintos apartados pod\u00e9is encontrar enlaces directos a v\u00eddeos de <a rel=\"noreferrer noopener\" aria-label=\" (abre en una nueva pesta\u00f1a)\" href=\"https:\/\/www.youtube.com\/channel\/UCPO794h8wGRurN_87MYN99w\" target=\"_blank\">nuestro canal de YouTube<\/a> y a las fichas de diversas \u00e1reas con las que reforzamos el trabajo de nuestros terapeutas. <\/p>\n\n\n\n<p>En esta misma p\u00e1gina iremos a\u00f1adiendo los enlaces a los \u00faltimos contenidos publicados. \u00a1Esperamos que os sirvan de ayuda!<\/p>\n\n\n\n<div style=\"height:20px\" aria-hidden=\"true\" class=\"wp-block-spacer\"><\/div>\n\n\n\n<h4 class=\"wp-block-heading\"><a href=\"https:\/\/iguala3.org\/index.php\/fichas-de-estimulacion-2023\/\" target=\"_blank\" rel=\"noreferrer noopener\">Fichas de Estimulaci\u00f3n Cognitiva<\/a><\/h4>\n\n\n\n<div style=\"height:20px\" aria-hidden=\"true\" class=\"wp-block-spacer\"><\/div>\n\n\n\n<h4 class=\"wp-block-heading\"><a href=\"http:\/\/iguala3.org\/index.php\/videos-de-fisioterapia\/\" target=\"_blank\" rel=\"noreferrer noopener\" aria-label=\" (abre en una nueva pesta\u00f1a)\">V\u00eddeos de Fisioterapia<\/a><\/h4>\n\n\n\n<div style=\"height:20px\" aria-hidden=\"true\" class=\"wp-block-spacer\"><\/div>\n\n\n\n<h4 class=\"wp-block-heading\"><a href=\"http:\/\/iguala3.org\/index.php\/videos-de-neurosicologia-y-psicologia\/\" target=\"_blank\" rel=\"noreferrer noopener\" aria-label=\"V\u00eddeos de Neurosicolog\u00eda y Psicolog\u00eda (abre en una nueva pesta\u00f1a)\">V\u00eddeos de Neurosicolog\u00eda y Psicolog\u00eda<\/a><\/h4>\n\n\n\n<div style=\"height:20px\" aria-hidden=\"true\" class=\"wp-block-spacer\"><\/div>\n\n\n\n<h4 class=\"wp-block-heading\"><a href=\"http:\/\/iguala3.org\/index.php\/videos-de-logopedia\" target=\"_blank\" rel=\"noreferrer noopener\" aria-label=\"V\u00eddeos de Logopedia (abre en una nueva pesta\u00f1a)\">V\u00eddeos de Logopedia<\/a><\/h4>\n\n\n\n<div style=\"height:20px\" aria-hidden=\"true\" class=\"wp-block-spacer\"><\/div>\n\n\n\n<h4 class=\"wp-block-heading\"><a href=\"http:\/\/iguala3.org\/index.php\/videos-de-terapia-ocupacional\/\" target=\"_blank\" rel=\"noreferrer noopener\" aria-label=\"V\u00eddeos de Terapia Ocupacional (abre en una nueva pesta\u00f1a)\">V\u00eddeos de Terapia Ocupacional<\/a><\/h4>\n\n\n\n<div style=\"height:20px\" aria-hidden=\"true\" class=\"wp-block-spacer\"><\/div>\n\n\n\n<p><\/p>\n","protected":false},"excerpt":{"rendered":"<p>A trav\u00e9s de esta secci\u00f3n queremos poner a disposici\u00f3n de todo el mundo parte de los contenidos que peri\u00f3dicamente enviamos a nuestros asociados. En los distintos apartados pod\u00e9is encontrar enlaces directos a v\u00eddeos de nuestro canal de YouTube y a las fichas de diversas \u00e1reas con las que reforzamos el trabajo de nuestros terapeutas. En [&hellip;]<\/p>\n","protected":false},"author":1,"featured_media":0,"parent":0,"menu_order":0,"comment_status":"closed","ping_status":"closed","template":"","meta":{"_bbp_topic_count":0,"_bbp_reply_count":0,"_bbp_total_topic_count":0,"_bbp_total_reply_count":0,"_bbp_voice_count":0,"_bbp_anonymous_reply_count":0,"_bbp_topic_count_hidden":0,"_bbp_reply_count_hidden":0,"_bbp_forum_subforum_count":0,"_monsterinsights_skip_tracking":false,"_monsterinsights_sitenote_active":false,"_monsterinsights_sitenote_note":"","_monsterinsights_sitenote_category":0,"footnotes":""},"class_list":["post-1385","page","type-page","status-publish","czr-hentry"],"yoast_head":"<!-- This site is optimized with the Yoast SEO plugin v27.2 - https:\/\/yoast.com\/product\/yoast-seo-wordpress\/ -->\n<title>Terapia En Casa - Iguala3<\/title>\n<meta name=\"robots\" content=\"index, follow, max-snippet:-1, max-image-preview:large, max-video-preview:-1\" \/>\n<link rel=\"canonical\" href=\"https:\/\/iguala3.org\/index.php\/terapia-en-casa\/\" \/>\n<meta property=\"og:locale\" content=\"es_ES\" \/>\n<meta property=\"og:type\" content=\"article\" \/>\n<meta property=\"og:title\" content=\"Terapia En Casa - Iguala3\" \/>\n<meta property=\"og:description\" content=\"A trav\u00e9s de esta secci\u00f3n queremos poner a disposici\u00f3n de todo el mundo parte de los contenidos que peri\u00f3dicamente enviamos a nuestros asociados. En los distintos apartados pod\u00e9is encontrar enlaces directos a v\u00eddeos de nuestro canal de YouTube y a las fichas de diversas \u00e1reas con las que reforzamos el trabajo de nuestros terapeutas. En [&hellip;]\" \/>\n<meta property=\"og:url\" content=\"https:\/\/iguala3.org\/index.php\/terapia-en-casa\/\" \/>\n<meta property=\"og:site_name\" content=\"Iguala3\" \/>\n<meta property=\"article:publisher\" content=\"https:\/\/www.facebook.com\/pages\/Iguala3\/820765978014722\" \/>\n<meta property=\"article:modified_time\" content=\"2025-02-07T10:07:01+00:00\" \/>\n<meta property=\"og:image\" content=\"https:\/\/iguala3.org\/wp-content\/uploads\/2015\/06\/Logo-color-I3-e1433841997489.jpg\" \/>\n\t<meta property=\"og:image:width\" content=\"211\" \/>\n\t<meta property=\"og:image:height\" content=\"87\" \/>\n\t<meta property=\"og:image:type\" content=\"image\/jpeg\" \/>\n<meta name=\"twitter:card\" content=\"summary_large_image\" \/>\n<meta name=\"twitter:site\" content=\"@iguala3_\" \/>\n<meta name=\"twitter:label1\" content=\"Tiempo de lectura\" \/>\n\t<meta name=\"twitter:data1\" content=\"1 minuto\" \/>\n<script type=\"application\/ld+json\" class=\"yoast-schema-graph\">{\"@context\":\"https:\/\/schema.org\",\"@graph\":[{\"@type\":\"WebPage\",\"@id\":\"https:\/\/iguala3.org\/index.php\/terapia-en-casa\/\",\"url\":\"https:\/\/iguala3.org\/index.php\/terapia-en-casa\/\",\"name\":\"Terapia En Casa - Iguala3\",\"isPartOf\":{\"@id\":\"https:\/\/iguala3.org\/#website\"},\"datePublished\":\"2020-04-19T16:31:15+00:00\",\"dateModified\":\"2025-02-07T10:07:01+00:00\",\"breadcrumb\":{\"@id\":\"https:\/\/iguala3.org\/index.php\/terapia-en-casa\/#breadcrumb\"},\"inLanguage\":\"es\",\"potentialAction\":[{\"@type\":\"ReadAction\",\"target\":[\"https:\/\/iguala3.org\/index.php\/terapia-en-casa\/\"]}]},{\"@type\":\"BreadcrumbList\",\"@id\":\"https:\/\/iguala3.org\/index.php\/terapia-en-casa\/#breadcrumb\",\"itemListElement\":[{\"@type\":\"ListItem\",\"position\":1,\"name\":\"Portada\",\"item\":\"https:\/\/iguala3.org\/\"},{\"@type\":\"ListItem\",\"position\":2,\"name\":\"Terapia En Casa\"}]},{\"@type\":\"WebSite\",\"@id\":\"https:\/\/iguala3.org\/#website\",\"url\":\"https:\/\/iguala3.org\/\",\"name\":\"Iguala3\",\"description\":\"Asociaci\u00f3n de Familiares, Amigos y Personas con Da\u00f1o Cerebral de Castilla La Mancha\",\"publisher\":{\"@id\":\"https:\/\/iguala3.org\/#organization\"},\"potentialAction\":[{\"@type\":\"SearchAction\",\"target\":{\"@type\":\"EntryPoint\",\"urlTemplate\":\"https:\/\/iguala3.org\/?s={search_term_string}\"},\"query-input\":{\"@type\":\"PropertyValueSpecification\",\"valueRequired\":true,\"valueName\":\"search_term_string\"}}],\"inLanguage\":\"es\"},{\"@type\":\"Organization\",\"@id\":\"https:\/\/iguala3.org\/#organization\",\"name\":\"Asociaci\u00f3n de Familiares, Amigos y Personas con Da\u00f1o Cerebral de Castilla-La Mancha\",\"url\":\"https:\/\/iguala3.org\/\",\"logo\":{\"@type\":\"ImageObject\",\"inLanguage\":\"es\",\"@id\":\"https:\/\/iguala3.org\/#\/schema\/logo\/image\/\",\"url\":\"https:\/\/iguala3.org\/wp-content\/uploads\/2015\/06\/Logo-color-I3-e1433841997489.jpg\",\"contentUrl\":\"https:\/\/iguala3.org\/wp-content\/uploads\/2015\/06\/Logo-color-I3-e1433841997489.jpg\",\"width\":211,\"height\":87,\"caption\":\"Asociaci\u00f3n de Familiares, Amigos y Personas con Da\u00f1o Cerebral de Castilla-La Mancha\"},\"image\":{\"@id\":\"https:\/\/iguala3.org\/#\/schema\/logo\/image\/\"},\"sameAs\":[\"https:\/\/www.facebook.com\/pages\/Iguala3\/820765978014722\",\"https:\/\/x.com\/iguala3_\",\"https:\/\/www.instagram.com\/iguala_3\/\",\"https:\/\/www.youtube.com\/channel\/UCPO794h8wGRurN_87MYN99w\/videos\"]}]}<\/script>\n<!-- \/ Yoast SEO plugin. -->","yoast_head_json":{"title":"Terapia En Casa - Iguala3","robots":{"index":"index","follow":"follow","max-snippet":"max-snippet:-1","max-image-preview":"max-image-preview:large","max-video-preview":"max-video-preview:-1"},"canonical":"https:\/\/iguala3.org\/index.php\/terapia-en-casa\/","og_locale":"es_ES","og_type":"article","og_title":"Terapia En Casa - Iguala3","og_description":"A trav\u00e9s de esta secci\u00f3n queremos poner a disposici\u00f3n de todo el mundo parte de los contenidos que peri\u00f3dicamente enviamos a nuestros asociados. En los distintos apartados pod\u00e9is encontrar enlaces directos a v\u00eddeos de nuestro canal de YouTube y a las fichas de diversas \u00e1reas con las que reforzamos el trabajo de nuestros terapeutas. En [&hellip;]","og_url":"https:\/\/iguala3.org\/index.php\/terapia-en-casa\/","og_site_name":"Iguala3","article_publisher":"https:\/\/www.facebook.com\/pages\/Iguala3\/820765978014722","article_modified_time":"2025-02-07T10:07:01+00:00","og_image":[{"width":211,"height":87,"url":"https:\/\/iguala3.org\/wp-content\/uploads\/2015\/06\/Logo-color-I3-e1433841997489.jpg","type":"image\/jpeg"}],"twitter_card":"summary_large_image","twitter_site":"@iguala3_","twitter_misc":{"Tiempo de lectura":"1 minuto"},"schema":{"@context":"https:\/\/schema.org","@graph":[{"@type":"WebPage","@id":"https:\/\/iguala3.org\/index.php\/terapia-en-casa\/","url":"https:\/\/iguala3.org\/index.php\/terapia-en-casa\/","name":"Terapia En Casa - Iguala3","isPartOf":{"@id":"https:\/\/iguala3.org\/#website"},"datePublished":"2020-04-19T16:31:15+00:00","dateModified":"2025-02-07T10:07:01+00:00","breadcrumb":{"@id":"https:\/\/iguala3.org\/index.php\/terapia-en-casa\/#breadcrumb"},"inLanguage":"es","potentialAction":[{"@type":"ReadAction","target":["https:\/\/iguala3.org\/index.php\/terapia-en-casa\/"]}]},{"@type":"BreadcrumbList","@id":"https:\/\/iguala3.org\/index.php\/terapia-en-casa\/#breadcrumb","itemListElement":[{"@type":"ListItem","position":1,"name":"Portada","item":"https:\/\/iguala3.org\/"},{"@type":"ListItem","position":2,"name":"Terapia En Casa"}]},{"@type":"WebSite","@id":"https:\/\/iguala3.org\/#website","url":"https:\/\/iguala3.org\/","name":"Iguala3","description":"Asociaci\u00f3n de Familiares, Amigos y Personas con Da\u00f1o Cerebral de Castilla La Mancha","publisher":{"@id":"https:\/\/iguala3.org\/#organization"},"potentialAction":[{"@type":"SearchAction","target":{"@type":"EntryPoint","urlTemplate":"https:\/\/iguala3.org\/?s={search_term_string}"},"query-input":{"@type":"PropertyValueSpecification","valueRequired":true,"valueName":"search_term_string"}}],"inLanguage":"es"},{"@type":"Organization","@id":"https:\/\/iguala3.org\/#organization","name":"Asociaci\u00f3n de Familiares, Amigos y Personas con Da\u00f1o Cerebral de Castilla-La Mancha","url":"https:\/\/iguala3.org\/","logo":{"@type":"ImageObject","inLanguage":"es","@id":"https:\/\/iguala3.org\/#\/schema\/logo\/image\/","url":"https:\/\/iguala3.org\/wp-content\/uploads\/2015\/06\/Logo-color-I3-e1433841997489.jpg","contentUrl":"https:\/\/iguala3.org\/wp-content\/uploads\/2015\/06\/Logo-color-I3-e1433841997489.jpg","width":211,"height":87,"caption":"Asociaci\u00f3n de Familiares, Amigos y Personas con Da\u00f1o Cerebral de Castilla-La Mancha"},"image":{"@id":"https:\/\/iguala3.org\/#\/schema\/logo\/image\/"},"sameAs":["https:\/\/www.facebook.com\/pages\/Iguala3\/820765978014722","https:\/\/x.com\/iguala3_","https:\/\/www.instagram.com\/iguala_3\/","https:\/\/www.youtube.com\/channel\/UCPO794h8wGRurN_87MYN99w\/videos"]}]}},"_links":{"self":[{"href":"https:\/\/iguala3.org\/index.php\/wp-json\/wp\/v2\/pages\/1385","targetHints":{"allow":["GET"]}}],"collection":[{"href":"https:\/\/iguala3.org\/index.php\/wp-json\/wp\/v2\/pages"}],"about":[{"href":"https:\/\/iguala3.org\/index.php\/wp-json\/wp\/v2\/types\/page"}],"author":[{"embeddable":true,"href":"https:\/\/iguala3.org\/index.php\/wp-json\/wp\/v2\/users\/1"}],"replies":[{"embeddable":true,"href":"https:\/\/iguala3.org\/index.php\/wp-json\/wp\/v2\/comments?post=1385"}],"version-history":[{"count":51,"href":"https:\/\/iguala3.org\/index.php\/wp-json\/wp\/v2\/pages\/1385\/revisions"}],"predecessor-version":[{"id":2303,"href":"https:\/\/iguala3.org\/index.php\/wp-json\/wp\/v2\/pages\/1385\/revisions\/2303"}],"wp:attachment":[{"href":"https:\/\/iguala3.org\/index.php\/wp-json\/wp\/v2\/media?parent=1385"}],"curies":[{"name":"wp","href":"https:\/\/api.w.org\/{rel}","templated":true}]}}