{"id":14,"date":"2015-06-09T09:39:08","date_gmt":"2015-06-09T09:39:08","guid":{"rendered":"http:\/\/iguala3.org\/?page_id=14"},"modified":"2015-08-27T10:42:41","modified_gmt":"2015-08-27T09:42:41","slug":"como-trabajamos","status":"publish","type":"page","link":"https:\/\/iguala3.org\/index.php\/como-trabajamos\/","title":{"rendered":"C\u00f3mo Trabajamos"},"content":{"rendered":"<p style=\"text-align: left;\"><a href=\"http:\/\/iguala3.org\/wp-content\/uploads\/2015\/06\/Formaci\u00f3n.jpg\"><img loading=\"lazy\" decoding=\"async\" class=\" size-medium wp-image-87 alignleft\" src=\"http:\/\/iguala3.org\/wp-content\/uploads\/2015\/06\/Formaci\u00f3n-300x200.jpg\" alt=\"trabajar usuario\" width=\"300\" height=\"200\" srcset=\"https:\/\/iguala3.org\/wp-content\/uploads\/2015\/06\/Formaci\u00f3n-300x200.jpg 300w, https:\/\/iguala3.org\/wp-content\/uploads\/2015\/06\/Formaci\u00f3n.jpg 1000w\" sizes=\"auto, (max-width: 300px) 100vw, 300px\" \/><\/a><\/p>\n<p>&nbsp;<\/p>\n<p>IGUALA3 es una entidad pionera y \u00fanica en la atenci\u00f3n espec\u00edfica a personas con da\u00f1o cerebral en su <strong>entorno natural<\/strong> dentro de Castilla-La Mancha. Esta particularidad permite a nuestros usuarios recibir nuestros servicios <strong>en su propio domicilio<\/strong>, en su barrio, y a nosotros trabajar en el lugar donde se desarrolla realmente la vida de la persona, obteniendo unos resultados directos.<\/p>\n<p>Tras contactar con nuestros profesionales, se acuerda con\u00a0 la persona y la familia una<strong> entrevista<\/strong> de presentaci\u00f3n que dar\u00e1 lugar a varias sesiones de <strong>valoraci\u00f3n<\/strong> de la situaci\u00f3n de los interesados. A ra\u00edz de esta valoraci\u00f3n en la que se han conocido los puntos fuertes y d\u00e9biles, elaboramos un <strong>plan individual de apoyos (PIA)<\/strong>. Este PIA termina de definirse en consenso con la persona y la familia, y establece los objetivos a alcanzar durante las siguientes semanas y meses, as\u00ed como las actividades, las herramientas a utilizar, la frecuencia de las sesiones&#8230;el compromiso es fundamental.<\/p>\n<p>Si quieres m\u00e1s informaci\u00f3n sobre c\u00f3mo trabajamos con los usuarios y familias, hazlo a trav\u00e9s de nuestro <strong><a href=\"http:\/\/iguala3.org\/index.php\/contacto\/\" target=\"_blank\">FORMULARIO<\/a><\/strong> de contacto, a trav\u00e9s de nuestro correo <strong><a href=\"mailto:iguala3@iguala3.org\" target=\"_blank\">iguala3@iguala3.org<\/a><\/strong> o llamando al tel\u00e9fono\u00a0<strong>644367921<\/strong><\/p>\n","protected":false},"excerpt":{"rendered":"<p>&nbsp; IGUALA3 es una entidad pionera y \u00fanica en la atenci\u00f3n espec\u00edfica a personas con da\u00f1o cerebral en su entorno natural dentro de Castilla-La Mancha. Esta particularidad permite a nuestros usuarios recibir nuestros servicios en su propio domicilio, en su barrio, y a nosotros trabajar en el lugar donde se desarrolla realmente la vida de [&hellip;]<\/p>\n","protected":false},"author":1,"featured_media":0,"parent":0,"menu_order":0,"comment_status":"open","ping_status":"open","template":"","meta":{"_bbp_topic_count":0,"_bbp_reply_count":0,"_bbp_total_topic_count":0,"_bbp_total_reply_count":0,"_bbp_voice_count":0,"_bbp_anonymous_reply_count":0,"_bbp_topic_count_hidden":0,"_bbp_reply_count_hidden":0,"_bbp_forum_subforum_count":0,"_monsterinsights_skip_tracking":false,"_monsterinsights_sitenote_active":false,"_monsterinsights_sitenote_note":"","_monsterinsights_sitenote_category":0,"footnotes":""},"class_list":["post-14","page","type-page","status-publish","czr-hentry"],"yoast_head":"<!-- This site is optimized with the Yoast SEO plugin v27.2 - https:\/\/yoast.com\/product\/yoast-seo-wordpress\/ -->\n<title>C\u00f3mo Trabajamos - Iguala3<\/title>\n<meta name=\"description\" content=\"La filosofia de trabajo de la asociaci\u00f3n Iguala3 es la planificaci\u00f3n en la persona y la atenci\u00f3n en el entorno natural. Esto es el c\u00f3mo trabajamos\" \/>\n<meta name=\"robots\" content=\"index, follow, max-snippet:-1, max-image-preview:large, max-video-preview:-1\" \/>\n<link rel=\"canonical\" href=\"https:\/\/iguala3.org\/index.php\/como-trabajamos\/\" \/>\n<meta property=\"og:locale\" content=\"es_ES\" \/>\n<meta property=\"og:type\" content=\"article\" \/>\n<meta property=\"og:title\" content=\"C\u00f3mo Trabajamos - Iguala3\" \/>\n<meta property=\"og:description\" content=\"La filosofia de trabajo de la asociaci\u00f3n Iguala3 es la planificaci\u00f3n en la persona y la atenci\u00f3n en el entorno natural. Esto es el c\u00f3mo trabajamos\" \/>\n<meta property=\"og:url\" content=\"https:\/\/iguala3.org\/index.php\/como-trabajamos\/\" \/>\n<meta property=\"og:site_name\" content=\"Iguala3\" \/>\n<meta property=\"article:publisher\" content=\"https:\/\/www.facebook.com\/pages\/Iguala3\/820765978014722\" \/>\n<meta property=\"article:modified_time\" content=\"2015-08-27T09:42:41+00:00\" \/>\n<meta property=\"og:image\" content=\"https:\/\/iguala3.org\/wp-content\/uploads\/2015\/06\/Logo-color-I3-e1433841997489.jpg\" \/>\n\t<meta property=\"og:image:width\" content=\"211\" \/>\n\t<meta property=\"og:image:height\" content=\"87\" \/>\n\t<meta property=\"og:image:type\" content=\"image\/jpeg\" \/>\n<meta name=\"twitter:card\" content=\"summary_large_image\" \/>\n<meta name=\"twitter:site\" content=\"@iguala3_\" \/>\n<meta name=\"twitter:label1\" content=\"Tiempo de lectura\" \/>\n\t<meta name=\"twitter:data1\" content=\"1 minuto\" \/>\n<script type=\"application\/ld+json\" class=\"yoast-schema-graph\">{\"@context\":\"https:\/\/schema.org\",\"@graph\":[{\"@type\":\"WebPage\",\"@id\":\"https:\/\/iguala3.org\/index.php\/como-trabajamos\/\",\"url\":\"https:\/\/iguala3.org\/index.php\/como-trabajamos\/\",\"name\":\"C\u00f3mo Trabajamos - Iguala3\",\"isPartOf\":{\"@id\":\"https:\/\/iguala3.org\/#website\"},\"datePublished\":\"2015-06-09T09:39:08+00:00\",\"dateModified\":\"2015-08-27T09:42:41+00:00\",\"description\":\"La filosofia de trabajo de la asociaci\u00f3n Iguala3 es la planificaci\u00f3n en la persona y la atenci\u00f3n en el entorno natural. Esto es el c\u00f3mo trabajamos\",\"breadcrumb\":{\"@id\":\"https:\/\/iguala3.org\/index.php\/como-trabajamos\/#breadcrumb\"},\"inLanguage\":\"es\",\"potentialAction\":[{\"@type\":\"ReadAction\",\"target\":[\"https:\/\/iguala3.org\/index.php\/como-trabajamos\/\"]}]},{\"@type\":\"BreadcrumbList\",\"@id\":\"https:\/\/iguala3.org\/index.php\/como-trabajamos\/#breadcrumb\",\"itemListElement\":[{\"@type\":\"ListItem\",\"position\":1,\"name\":\"Portada\",\"item\":\"https:\/\/iguala3.org\/\"},{\"@type\":\"ListItem\",\"position\":2,\"name\":\"C\u00f3mo Trabajamos\"}]},{\"@type\":\"WebSite\",\"@id\":\"https:\/\/iguala3.org\/#website\",\"url\":\"https:\/\/iguala3.org\/\",\"name\":\"Iguala3\",\"description\":\"Asociaci\u00f3n de Familiares, Amigos y Personas con Da\u00f1o Cerebral de Castilla La Mancha\",\"publisher\":{\"@id\":\"https:\/\/iguala3.org\/#organization\"},\"potentialAction\":[{\"@type\":\"SearchAction\",\"target\":{\"@type\":\"EntryPoint\",\"urlTemplate\":\"https:\/\/iguala3.org\/?s={search_term_string}\"},\"query-input\":{\"@type\":\"PropertyValueSpecification\",\"valueRequired\":true,\"valueName\":\"search_term_string\"}}],\"inLanguage\":\"es\"},{\"@type\":\"Organization\",\"@id\":\"https:\/\/iguala3.org\/#organization\",\"name\":\"Asociaci\u00f3n de Familiares, Amigos y Personas con Da\u00f1o Cerebral de Castilla-La Mancha\",\"url\":\"https:\/\/iguala3.org\/\",\"logo\":{\"@type\":\"ImageObject\",\"inLanguage\":\"es\",\"@id\":\"https:\/\/iguala3.org\/#\/schema\/logo\/image\/\",\"url\":\"https:\/\/iguala3.org\/wp-content\/uploads\/2015\/06\/Logo-color-I3-e1433841997489.jpg\",\"contentUrl\":\"https:\/\/iguala3.org\/wp-content\/uploads\/2015\/06\/Logo-color-I3-e1433841997489.jpg\",\"width\":211,\"height\":87,\"caption\":\"Asociaci\u00f3n de Familiares, Amigos y Personas con Da\u00f1o Cerebral de Castilla-La Mancha\"},\"image\":{\"@id\":\"https:\/\/iguala3.org\/#\/schema\/logo\/image\/\"},\"sameAs\":[\"https:\/\/www.facebook.com\/pages\/Iguala3\/820765978014722\",\"https:\/\/x.com\/iguala3_\",\"https:\/\/www.instagram.com\/iguala_3\/\",\"https:\/\/www.youtube.com\/channel\/UCPO794h8wGRurN_87MYN99w\/videos\"]}]}<\/script>\n<!-- \/ Yoast SEO plugin. -->","yoast_head_json":{"title":"C\u00f3mo Trabajamos - Iguala3","description":"La filosofia de trabajo de la asociaci\u00f3n Iguala3 es la planificaci\u00f3n en la persona y la atenci\u00f3n en el entorno natural. Esto es el c\u00f3mo trabajamos","robots":{"index":"index","follow":"follow","max-snippet":"max-snippet:-1","max-image-preview":"max-image-preview:large","max-video-preview":"max-video-preview:-1"},"canonical":"https:\/\/iguala3.org\/index.php\/como-trabajamos\/","og_locale":"es_ES","og_type":"article","og_title":"C\u00f3mo Trabajamos - Iguala3","og_description":"La filosofia de trabajo de la asociaci\u00f3n Iguala3 es la planificaci\u00f3n en la persona y la atenci\u00f3n en el entorno natural. Esto es el c\u00f3mo trabajamos","og_url":"https:\/\/iguala3.org\/index.php\/como-trabajamos\/","og_site_name":"Iguala3","article_publisher":"https:\/\/www.facebook.com\/pages\/Iguala3\/820765978014722","article_modified_time":"2015-08-27T09:42:41+00:00","og_image":[{"width":211,"height":87,"url":"https:\/\/iguala3.org\/wp-content\/uploads\/2015\/06\/Logo-color-I3-e1433841997489.jpg","type":"image\/jpeg"}],"twitter_card":"summary_large_image","twitter_site":"@iguala3_","twitter_misc":{"Tiempo de lectura":"1 minuto"},"schema":{"@context":"https:\/\/schema.org","@graph":[{"@type":"WebPage","@id":"https:\/\/iguala3.org\/index.php\/como-trabajamos\/","url":"https:\/\/iguala3.org\/index.php\/como-trabajamos\/","name":"C\u00f3mo Trabajamos - Iguala3","isPartOf":{"@id":"https:\/\/iguala3.org\/#website"},"datePublished":"2015-06-09T09:39:08+00:00","dateModified":"2015-08-27T09:42:41+00:00","description":"La filosofia de trabajo de la asociaci\u00f3n Iguala3 es la planificaci\u00f3n en la persona y la atenci\u00f3n en el entorno natural. Esto es el c\u00f3mo trabajamos","breadcrumb":{"@id":"https:\/\/iguala3.org\/index.php\/como-trabajamos\/#breadcrumb"},"inLanguage":"es","potentialAction":[{"@type":"ReadAction","target":["https:\/\/iguala3.org\/index.php\/como-trabajamos\/"]}]},{"@type":"BreadcrumbList","@id":"https:\/\/iguala3.org\/index.php\/como-trabajamos\/#breadcrumb","itemListElement":[{"@type":"ListItem","position":1,"name":"Portada","item":"https:\/\/iguala3.org\/"},{"@type":"ListItem","position":2,"name":"C\u00f3mo Trabajamos"}]},{"@type":"WebSite","@id":"https:\/\/iguala3.org\/#website","url":"https:\/\/iguala3.org\/","name":"Iguala3","description":"Asociaci\u00f3n de Familiares, Amigos y Personas con Da\u00f1o Cerebral de Castilla La Mancha","publisher":{"@id":"https:\/\/iguala3.org\/#organization"},"potentialAction":[{"@type":"SearchAction","target":{"@type":"EntryPoint","urlTemplate":"https:\/\/iguala3.org\/?s={search_term_string}"},"query-input":{"@type":"PropertyValueSpecification","valueRequired":true,"valueName":"search_term_string"}}],"inLanguage":"es"},{"@type":"Organization","@id":"https:\/\/iguala3.org\/#organization","name":"Asociaci\u00f3n de Familiares, Amigos y Personas con Da\u00f1o Cerebral de Castilla-La Mancha","url":"https:\/\/iguala3.org\/","logo":{"@type":"ImageObject","inLanguage":"es","@id":"https:\/\/iguala3.org\/#\/schema\/logo\/image\/","url":"https:\/\/iguala3.org\/wp-content\/uploads\/2015\/06\/Logo-color-I3-e1433841997489.jpg","contentUrl":"https:\/\/iguala3.org\/wp-content\/uploads\/2015\/06\/Logo-color-I3-e1433841997489.jpg","width":211,"height":87,"caption":"Asociaci\u00f3n de Familiares, Amigos y Personas con Da\u00f1o Cerebral de Castilla-La Mancha"},"image":{"@id":"https:\/\/iguala3.org\/#\/schema\/logo\/image\/"},"sameAs":["https:\/\/www.facebook.com\/pages\/Iguala3\/820765978014722","https:\/\/x.com\/iguala3_","https:\/\/www.instagram.com\/iguala_3\/","https:\/\/www.youtube.com\/channel\/UCPO794h8wGRurN_87MYN99w\/videos"]}]}},"_links":{"self":[{"href":"https:\/\/iguala3.org\/index.php\/wp-json\/wp\/v2\/pages\/14","targetHints":{"allow":["GET"]}}],"collection":[{"href":"https:\/\/iguala3.org\/index.php\/wp-json\/wp\/v2\/pages"}],"about":[{"href":"https:\/\/iguala3.org\/index.php\/wp-json\/wp\/v2\/types\/page"}],"author":[{"embeddable":true,"href":"https:\/\/iguala3.org\/index.php\/wp-json\/wp\/v2\/users\/1"}],"replies":[{"embeddable":true,"href":"https:\/\/iguala3.org\/index.php\/wp-json\/wp\/v2\/comments?post=14"}],"version-history":[{"count":4,"href":"https:\/\/iguala3.org\/index.php\/wp-json\/wp\/v2\/pages\/14\/revisions"}],"predecessor-version":[{"id":88,"href":"https:\/\/iguala3.org\/index.php\/wp-json\/wp\/v2\/pages\/14\/revisions\/88"}],"wp:attachment":[{"href":"https:\/\/iguala3.org\/index.php\/wp-json\/wp\/v2\/media?parent=14"}],"curies":[{"name":"wp","href":"https:\/\/api.w.org\/{rel}","templated":true}]}}