{"id":1402,"date":"2020-04-19T17:45:05","date_gmt":"2020-04-19T16:45:05","guid":{"rendered":"http:\/\/iguala3.org\/?page_id=1402"},"modified":"2020-10-01T09:02:05","modified_gmt":"2020-10-01T08:02:05","slug":"videos-de-fisioterapia","status":"publish","type":"page","link":"https:\/\/iguala3.org\/index.php\/videos-de-fisioterapia\/","title":{"rendered":"V\u00eddeos De Fisioterapia"},"content":{"rendered":"\n<p>V\u00eddeos creados por nuestros profesionales de fisioterapia para estar activos en casa. En internet puedes ver muchos v\u00eddeos, pero te garantizamos que los de Iguala3 est\u00e1n dise\u00f1ados por profesionales con experiencia espec\u00edfica en atenci\u00f3n a las patolog\u00edas relacionadas con alteraciones neurol\u00f3gicas.<\/p>\n\n\n\n<p>Cada persona es diferente, y tiene diferentes necesidades, por eso ten\u00e9is que intentar <strong>seguir los v\u00eddeos sin forzar. Si apareciesen molestias o dolor, parad y contactadnos<\/strong>.  <\/p>\n\n\n\n<ul class=\"wp-block-list\"><li><a rel=\"noreferrer noopener\" href=\"https:\/\/www.youtube.com\/watch?v=li77znjApM8\" target=\"_blank\">Fisioterapia 28: Ejercicios de manos, caderas, rodillas y tobillos.<\/a><\/li><li><a rel=\"noreferrer noopener\" href=\"https:\/\/www.youtube.com\/watch?v=3X-7IQOvReo\" target=\"_blank\">Fisioterapia 27: Ejercicios de cuello y codos.<\/a><\/li><li><a rel=\"noreferrer noopener\" href=\"https:\/\/www.youtube.com\/watch?v=QyKkN22kfXA\" target=\"_blank\">Fisioterapia 26: Fortalecimiento de brazos II.<\/a><\/li><li><a rel=\"noreferrer noopener\" href=\"https:\/\/www.youtube.com\/watch?v=ydpXN0c_7B8\" target=\"_blank\">Fisioterapia 25: Fortalecimiento de piernas II.<\/a><\/li><li><a rel=\"noreferrer noopener\" href=\"https:\/\/www.youtube.com\/watch?v=mxQSj1SAvrA\" target=\"_blank\">Fisioterapia 24: Ejercicios de brazos sentados.<\/a><\/li><li><a rel=\"noreferrer noopener\" href=\"https:\/\/www.youtube.com\/watch?v=BZX6ifPcpH0\" target=\"_blank\">Fisioterapia 23: Fortalecimiento de piernas (gl\u00fateos).<\/a><\/li><li><a rel=\"noreferrer noopener\" href=\"https:\/\/www.youtube.com\/watch?v=hVCjo7naaMo\" target=\"_blank\">Fisioterapia 22: Ejercicios en casa.<\/a><\/li><li><a rel=\"noreferrer noopener\" href=\"https:\/\/www.youtube.com\/watch?v=1KgmJykRVts\" target=\"_blank\">Fisioterapia 21: Fortalecimiento de piernas.<\/a><\/li><li><a rel=\"noreferrer noopener\" href=\"https:\/\/www.youtube.com\/watch?v=qPWYJkUjhMw\" target=\"_blank\">Fisioterapia 20: Fortalecimiento de la caja tor\u00e1cica.<\/a><\/li><li><a rel=\"noreferrer noopener\" href=\"https:\/\/www.youtube.com\/watch?v=Gu7kYQITYQ8\" target=\"_blank\">Fisioterapia 19: Automasajes en mano hemipar\u00e9tica.<\/a><\/li><li><a rel=\"noreferrer noopener\" href=\"https:\/\/www.youtube.com\/watch?v=BXa45_xGP0Y\" target=\"_blank\">Fisioterapia 18: Fortalecimiento de brazos.<\/a><\/li><li><a rel=\"noreferrer noopener\" href=\"https:\/\/www.youtube.com\/watch?v=QZ7R26Q9wW8\" target=\"_blank\">Fisioterapia 17: Equilibrio din\u00e1mico.<\/a><\/li><li><a rel=\"noreferrer noopener\" href=\"https:\/\/www.youtube.com\/watch?v=0z8gt3hltVU\" target=\"_blank\">Fisioterapia 16: Equilibrio est\u00e1tico.<\/a><\/li><li><a rel=\"noreferrer noopener\" href=\"https:\/\/www.youtube.com\/watch?v=NqkU8YmQv68&amp;t=\" target=\"_blank\">Fisioterapia 15: Ejercitando las piernas<\/a>.<\/li><li><a rel=\"noreferrer noopener\" href=\"https:\/\/www.youtube.com\/watch?v=csP5TWMw1kk\" target=\"_blank\">Fisioterapia 14: Ejercicios para hemiparesia en brazo<\/a>. <\/li><li><a rel=\"noreferrer noopener\" href=\"https:\/\/www.youtube.com\/watch?v=08qHaPstqZM\" target=\"_blank\">Fisioterapia 13: Ejercicios de mantenimiento<\/a>.<\/li><li><a rel=\"noreferrer noopener\" href=\"https:\/\/www.youtube.com\/watch?v=8xvvnRRW8KQ\" target=\"_blank\">Fisioterapia 12: Ejercicios isom\u00e9tricos<\/a>.<\/li><li><a rel=\"noreferrer noopener\" aria-label=\"Fisioterapia 11: Ventilaci\u00f3n costal inferior. (abre en una nueva pesta\u00f1a)\" href=\"https:\/\/www.youtube.com\/watch?v=sR3poAslPj0\" target=\"_blank\">Fisioterapia 11: Ventilaci\u00f3n costal inferior.<\/a><\/li><li><a rel=\"noreferrer noopener\" aria-label=\"Fisioterapia 10: El reto del movimiento. (abre en una nueva pesta\u00f1a)\" href=\"https:\/\/www.youtube.com\/watch?v=HBR4VDeQllo\" target=\"_blank\">Fisioterapia 10: El reto del movimiento.<\/a><\/li><li><a rel=\"noreferrer noopener\" aria-label=\" (abre en una nueva pesta\u00f1a)\" href=\"https:\/\/www.youtube.com\/watch?v=LH9JE-ebzlI\" target=\"_blank\">Fisioterapia 9: Uso adecuado de la mascarilla<\/a>.<\/li><li><a rel=\"noreferrer noopener\" aria-label=\" (abre en una nueva pesta\u00f1a)\" href=\"https:\/\/www.youtube.com\/watch?v=EUykevOSMpg\" target=\"_blank\">Fisioterapia 8: Ejercicios de brazos II.<\/a> <\/li><li><a rel=\"noreferrer noopener\" aria-label=\" (abre en una nueva pesta\u00f1a)\" href=\"https:\/\/www.youtube.com\/watch?v=MRIt49d8F0s\" target=\"_blank\">Fisioterapia 7: Control de la disnea.<\/a><\/li><li><a rel=\"noreferrer noopener\" aria-label=\" (abre en una nueva pesta\u00f1a)\" href=\"https:\/\/www.youtube.com\/watch?v=Lc9qWvIbQhI\" target=\"_blank\">Fisioterapia 6: Ejercicios para miembros inferiores.<\/a> <\/li><li><a rel=\"noreferrer noopener\" aria-label=\" (abre en una nueva pesta\u00f1a)\" href=\"https:\/\/www.youtube.com\/watch?v=tnaWTcH-tNE\" target=\"_blank\">Fisioterapia 5: Estiramientos.<\/a> <\/li><li><a rel=\"noreferrer noopener\" aria-label=\" (abre en una nueva pesta\u00f1a)\" href=\"https:\/\/www.youtube.com\/watch?v=xdyJcSNRcuI\" target=\"_blank\">Fisioterapia 4: Movilizaciones de cuello y tronco.<\/a> <\/li><li><a rel=\"noreferrer noopener\" aria-label=\" (abre en una nueva pesta\u00f1a)\" href=\"https:\/\/www.youtube.com\/watch?v=wDj-JyuLanw\" target=\"_blank\">Fisioterapia 3: Ejercicios de mantenimiento II.<\/a> <\/li><li><a rel=\"noreferrer noopener\" aria-label=\" (abre en una nueva pesta\u00f1a)\" href=\"https:\/\/www.youtube.com\/watch?v=XLOHDivs2sI\" target=\"_blank\">Fisioterapia 2: Ejercicios de brazos I.<\/a> <\/li><li><a rel=\"noreferrer noopener\" aria-label=\" (abre en una nueva pesta\u00f1a)\" href=\"https:\/\/www.youtube.com\/watch?v=nspIDG3iOo4\" target=\"_blank\">Fisioterapia 1: Ejercicios de mantenimiento I. <\/a><\/li><\/ul>\n\n\n\n<p><\/p>\n","protected":false},"excerpt":{"rendered":"<p>V\u00eddeos creados por nuestros profesionales de fisioterapia para estar activos en casa. En internet puedes ver muchos v\u00eddeos, pero te garantizamos que los de Iguala3 est\u00e1n dise\u00f1ados por profesionales con experiencia espec\u00edfica en atenci\u00f3n a las patolog\u00edas relacionadas con alteraciones neurol\u00f3gicas. Cada persona es diferente, y tiene diferentes necesidades, por eso ten\u00e9is que intentar seguir [&hellip;]<\/p>\n","protected":false},"author":1,"featured_media":0,"parent":0,"menu_order":0,"comment_status":"closed","ping_status":"closed","template":"","meta":{"_bbp_topic_count":0,"_bbp_reply_count":0,"_bbp_total_topic_count":0,"_bbp_total_reply_count":0,"_bbp_voice_count":0,"_bbp_anonymous_reply_count":0,"_bbp_topic_count_hidden":0,"_bbp_reply_count_hidden":0,"_bbp_forum_subforum_count":0,"_monsterinsights_skip_tracking":false,"_monsterinsights_sitenote_active":false,"_monsterinsights_sitenote_note":"","_monsterinsights_sitenote_category":0,"footnotes":""},"class_list":["post-1402","page","type-page","status-publish","czr-hentry"],"yoast_head":"<!-- This site is optimized with the Yoast SEO plugin v27.2 - https:\/\/yoast.com\/product\/yoast-seo-wordpress\/ -->\n<title>V\u00eddeos De Fisioterapia - Iguala3<\/title>\n<meta name=\"robots\" content=\"index, follow, max-snippet:-1, max-image-preview:large, max-video-preview:-1\" \/>\n<link rel=\"canonical\" href=\"https:\/\/iguala3.org\/index.php\/videos-de-fisioterapia\/\" \/>\n<meta property=\"og:locale\" content=\"es_ES\" \/>\n<meta property=\"og:type\" content=\"article\" \/>\n<meta property=\"og:title\" content=\"V\u00eddeos De Fisioterapia - Iguala3\" \/>\n<meta property=\"og:description\" content=\"V\u00eddeos creados por nuestros profesionales de fisioterapia para estar activos en casa. En internet puedes ver muchos v\u00eddeos, pero te garantizamos que los de Iguala3 est\u00e1n dise\u00f1ados por profesionales con experiencia espec\u00edfica en atenci\u00f3n a las patolog\u00edas relacionadas con alteraciones neurol\u00f3gicas. Cada persona es diferente, y tiene diferentes necesidades, por eso ten\u00e9is que intentar seguir [&hellip;]\" \/>\n<meta property=\"og:url\" content=\"https:\/\/iguala3.org\/index.php\/videos-de-fisioterapia\/\" \/>\n<meta property=\"og:site_name\" content=\"Iguala3\" \/>\n<meta property=\"article:publisher\" content=\"https:\/\/www.facebook.com\/pages\/Iguala3\/820765978014722\" \/>\n<meta property=\"article:modified_time\" content=\"2020-10-01T08:02:05+00:00\" \/>\n<meta property=\"og:image\" content=\"https:\/\/iguala3.org\/wp-content\/uploads\/2015\/06\/Logo-color-I3-e1433841997489.jpg\" \/>\n\t<meta property=\"og:image:width\" content=\"211\" \/>\n\t<meta property=\"og:image:height\" content=\"87\" \/>\n\t<meta property=\"og:image:type\" content=\"image\/jpeg\" \/>\n<meta name=\"twitter:card\" content=\"summary_large_image\" \/>\n<meta name=\"twitter:site\" content=\"@iguala3_\" \/>\n<meta name=\"twitter:label1\" content=\"Tiempo de lectura\" \/>\n\t<meta name=\"twitter:data1\" content=\"1 minuto\" \/>\n<script type=\"application\/ld+json\" class=\"yoast-schema-graph\">{\"@context\":\"https:\/\/schema.org\",\"@graph\":[{\"@type\":\"WebPage\",\"@id\":\"https:\/\/iguala3.org\/index.php\/videos-de-fisioterapia\/\",\"url\":\"https:\/\/iguala3.org\/index.php\/videos-de-fisioterapia\/\",\"name\":\"V\u00eddeos De Fisioterapia - Iguala3\",\"isPartOf\":{\"@id\":\"https:\/\/iguala3.org\/#website\"},\"datePublished\":\"2020-04-19T16:45:05+00:00\",\"dateModified\":\"2020-10-01T08:02:05+00:00\",\"breadcrumb\":{\"@id\":\"https:\/\/iguala3.org\/index.php\/videos-de-fisioterapia\/#breadcrumb\"},\"inLanguage\":\"es\",\"potentialAction\":[{\"@type\":\"ReadAction\",\"target\":[\"https:\/\/iguala3.org\/index.php\/videos-de-fisioterapia\/\"]}]},{\"@type\":\"BreadcrumbList\",\"@id\":\"https:\/\/iguala3.org\/index.php\/videos-de-fisioterapia\/#breadcrumb\",\"itemListElement\":[{\"@type\":\"ListItem\",\"position\":1,\"name\":\"Portada\",\"item\":\"https:\/\/iguala3.org\/\"},{\"@type\":\"ListItem\",\"position\":2,\"name\":\"V\u00eddeos De Fisioterapia\"}]},{\"@type\":\"WebSite\",\"@id\":\"https:\/\/iguala3.org\/#website\",\"url\":\"https:\/\/iguala3.org\/\",\"name\":\"Iguala3\",\"description\":\"Asociaci\u00f3n de Familiares, Amigos y Personas con Da\u00f1o Cerebral de Castilla La Mancha\",\"publisher\":{\"@id\":\"https:\/\/iguala3.org\/#organization\"},\"potentialAction\":[{\"@type\":\"SearchAction\",\"target\":{\"@type\":\"EntryPoint\",\"urlTemplate\":\"https:\/\/iguala3.org\/?s={search_term_string}\"},\"query-input\":{\"@type\":\"PropertyValueSpecification\",\"valueRequired\":true,\"valueName\":\"search_term_string\"}}],\"inLanguage\":\"es\"},{\"@type\":\"Organization\",\"@id\":\"https:\/\/iguala3.org\/#organization\",\"name\":\"Asociaci\u00f3n de Familiares, Amigos y Personas con Da\u00f1o Cerebral de Castilla-La Mancha\",\"url\":\"https:\/\/iguala3.org\/\",\"logo\":{\"@type\":\"ImageObject\",\"inLanguage\":\"es\",\"@id\":\"https:\/\/iguala3.org\/#\/schema\/logo\/image\/\",\"url\":\"https:\/\/iguala3.org\/wp-content\/uploads\/2015\/06\/Logo-color-I3-e1433841997489.jpg\",\"contentUrl\":\"https:\/\/iguala3.org\/wp-content\/uploads\/2015\/06\/Logo-color-I3-e1433841997489.jpg\",\"width\":211,\"height\":87,\"caption\":\"Asociaci\u00f3n de Familiares, Amigos y Personas con Da\u00f1o Cerebral de Castilla-La Mancha\"},\"image\":{\"@id\":\"https:\/\/iguala3.org\/#\/schema\/logo\/image\/\"},\"sameAs\":[\"https:\/\/www.facebook.com\/pages\/Iguala3\/820765978014722\",\"https:\/\/x.com\/iguala3_\",\"https:\/\/www.instagram.com\/iguala_3\/\",\"https:\/\/www.youtube.com\/channel\/UCPO794h8wGRurN_87MYN99w\/videos\"]}]}<\/script>\n<!-- \/ Yoast SEO plugin. -->","yoast_head_json":{"title":"V\u00eddeos De Fisioterapia - Iguala3","robots":{"index":"index","follow":"follow","max-snippet":"max-snippet:-1","max-image-preview":"max-image-preview:large","max-video-preview":"max-video-preview:-1"},"canonical":"https:\/\/iguala3.org\/index.php\/videos-de-fisioterapia\/","og_locale":"es_ES","og_type":"article","og_title":"V\u00eddeos De Fisioterapia - Iguala3","og_description":"V\u00eddeos creados por nuestros profesionales de fisioterapia para estar activos en casa. En internet puedes ver muchos v\u00eddeos, pero te garantizamos que los de Iguala3 est\u00e1n dise\u00f1ados por profesionales con experiencia espec\u00edfica en atenci\u00f3n a las patolog\u00edas relacionadas con alteraciones neurol\u00f3gicas. Cada persona es diferente, y tiene diferentes necesidades, por eso ten\u00e9is que intentar seguir [&hellip;]","og_url":"https:\/\/iguala3.org\/index.php\/videos-de-fisioterapia\/","og_site_name":"Iguala3","article_publisher":"https:\/\/www.facebook.com\/pages\/Iguala3\/820765978014722","article_modified_time":"2020-10-01T08:02:05+00:00","og_image":[{"width":211,"height":87,"url":"https:\/\/iguala3.org\/wp-content\/uploads\/2015\/06\/Logo-color-I3-e1433841997489.jpg","type":"image\/jpeg"}],"twitter_card":"summary_large_image","twitter_site":"@iguala3_","twitter_misc":{"Tiempo de lectura":"1 minuto"},"schema":{"@context":"https:\/\/schema.org","@graph":[{"@type":"WebPage","@id":"https:\/\/iguala3.org\/index.php\/videos-de-fisioterapia\/","url":"https:\/\/iguala3.org\/index.php\/videos-de-fisioterapia\/","name":"V\u00eddeos De Fisioterapia - Iguala3","isPartOf":{"@id":"https:\/\/iguala3.org\/#website"},"datePublished":"2020-04-19T16:45:05+00:00","dateModified":"2020-10-01T08:02:05+00:00","breadcrumb":{"@id":"https:\/\/iguala3.org\/index.php\/videos-de-fisioterapia\/#breadcrumb"},"inLanguage":"es","potentialAction":[{"@type":"ReadAction","target":["https:\/\/iguala3.org\/index.php\/videos-de-fisioterapia\/"]}]},{"@type":"BreadcrumbList","@id":"https:\/\/iguala3.org\/index.php\/videos-de-fisioterapia\/#breadcrumb","itemListElement":[{"@type":"ListItem","position":1,"name":"Portada","item":"https:\/\/iguala3.org\/"},{"@type":"ListItem","position":2,"name":"V\u00eddeos De Fisioterapia"}]},{"@type":"WebSite","@id":"https:\/\/iguala3.org\/#website","url":"https:\/\/iguala3.org\/","name":"Iguala3","description":"Asociaci\u00f3n de Familiares, Amigos y Personas con Da\u00f1o Cerebral de Castilla La Mancha","publisher":{"@id":"https:\/\/iguala3.org\/#organization"},"potentialAction":[{"@type":"SearchAction","target":{"@type":"EntryPoint","urlTemplate":"https:\/\/iguala3.org\/?s={search_term_string}"},"query-input":{"@type":"PropertyValueSpecification","valueRequired":true,"valueName":"search_term_string"}}],"inLanguage":"es"},{"@type":"Organization","@id":"https:\/\/iguala3.org\/#organization","name":"Asociaci\u00f3n de Familiares, Amigos y Personas con Da\u00f1o Cerebral de Castilla-La Mancha","url":"https:\/\/iguala3.org\/","logo":{"@type":"ImageObject","inLanguage":"es","@id":"https:\/\/iguala3.org\/#\/schema\/logo\/image\/","url":"https:\/\/iguala3.org\/wp-content\/uploads\/2015\/06\/Logo-color-I3-e1433841997489.jpg","contentUrl":"https:\/\/iguala3.org\/wp-content\/uploads\/2015\/06\/Logo-color-I3-e1433841997489.jpg","width":211,"height":87,"caption":"Asociaci\u00f3n de Familiares, Amigos y Personas con Da\u00f1o Cerebral de Castilla-La Mancha"},"image":{"@id":"https:\/\/iguala3.org\/#\/schema\/logo\/image\/"},"sameAs":["https:\/\/www.facebook.com\/pages\/Iguala3\/820765978014722","https:\/\/x.com\/iguala3_","https:\/\/www.instagram.com\/iguala_3\/","https:\/\/www.youtube.com\/channel\/UCPO794h8wGRurN_87MYN99w\/videos"]}]}},"_links":{"self":[{"href":"https:\/\/iguala3.org\/index.php\/wp-json\/wp\/v2\/pages\/1402","targetHints":{"allow":["GET"]}}],"collection":[{"href":"https:\/\/iguala3.org\/index.php\/wp-json\/wp\/v2\/pages"}],"about":[{"href":"https:\/\/iguala3.org\/index.php\/wp-json\/wp\/v2\/types\/page"}],"author":[{"embeddable":true,"href":"https:\/\/iguala3.org\/index.php\/wp-json\/wp\/v2\/users\/1"}],"replies":[{"embeddable":true,"href":"https:\/\/iguala3.org\/index.php\/wp-json\/wp\/v2\/comments?post=1402"}],"version-history":[{"count":19,"href":"https:\/\/iguala3.org\/index.php\/wp-json\/wp\/v2\/pages\/1402\/revisions"}],"predecessor-version":[{"id":1659,"href":"https:\/\/iguala3.org\/index.php\/wp-json\/wp\/v2\/pages\/1402\/revisions\/1659"}],"wp:attachment":[{"href":"https:\/\/iguala3.org\/index.php\/wp-json\/wp\/v2\/media?parent=1402"}],"curies":[{"name":"wp","href":"https:\/\/api.w.org\/{rel}","templated":true}]}}