{"id":1435,"date":"2020-04-19T21:57:59","date_gmt":"2020-04-19T20:57:59","guid":{"rendered":"http:\/\/iguala3.org\/?page_id=1435"},"modified":"2020-10-01T10:04:15","modified_gmt":"2020-10-01T09:04:15","slug":"videos-de-logopedia","status":"publish","type":"page","link":"https:\/\/iguala3.org\/index.php\/videos-de-logopedia\/","title":{"rendered":"V\u00eddeos de Logopedia"},"content":{"rendered":"\n<p>A continuaci\u00f3n vas a poder realizar algunos ejercicios de logopedia desde tu casa, siguiendo las indicaciones de los siguientes v\u00eddeos. Siempre ser\u00e1n m\u00e1s productivas las sesiones presenciales, pero toda pr\u00e1ctica es buena. Sobre todo cuando se hace con profesionales expertos, como los de Iguala3.<\/p>\n\n\n\n<ul class=\"wp-block-list\"><li><a href=\"https:\/\/www.youtube.com\/watch?v=TBO49GGcv8I\" target=\"_blank\" rel=\"noreferrer noopener\">Logopedia 4: Relajaci\u00f3n perilar\u00edngea.<\/a><\/li><li><a href=\"https:\/\/www.youtube.com\/watch?v=6VzXwYHtGb8\" target=\"_blank\" rel=\"noreferrer noopener\">Logopedia 3: Respiraci\u00f3n abdominal.<\/a><\/li><li><a rel=\"noreferrer noopener\" href=\"https:\/\/www.youtube.com\/watch?v=r19CNyLeuUU\" target=\"_blank\">Logopedia 2: Ejercicios II.<\/a><\/li><li><a rel=\"noreferrer noopener\" aria-label=\"Logopedia 1: Ejercicios. (abre en una nueva pesta\u00f1a)\" href=\"https:\/\/www.youtube.com\/watch?v=HwZgCorG3Pg\" target=\"_blank\">Logopedia 1: Ejercicios.<\/a><\/li><\/ul>\n\n\n\n<p><\/p>\n","protected":false},"excerpt":{"rendered":"<p>A continuaci\u00f3n vas a poder realizar algunos ejercicios de logopedia desde tu casa, siguiendo las indicaciones de los siguientes v\u00eddeos. Siempre ser\u00e1n m\u00e1s productivas las sesiones presenciales, pero toda pr\u00e1ctica es buena. Sobre todo cuando se hace con profesionales expertos, como los de Iguala3. Logopedia 4: Relajaci\u00f3n perilar\u00edngea. Logopedia 3: Respiraci\u00f3n abdominal. Logopedia 2: Ejercicios [&hellip;]<\/p>\n","protected":false},"author":1,"featured_media":0,"parent":0,"menu_order":0,"comment_status":"closed","ping_status":"closed","template":"","meta":{"_bbp_topic_count":0,"_bbp_reply_count":0,"_bbp_total_topic_count":0,"_bbp_total_reply_count":0,"_bbp_voice_count":0,"_bbp_anonymous_reply_count":0,"_bbp_topic_count_hidden":0,"_bbp_reply_count_hidden":0,"_bbp_forum_subforum_count":0,"_monsterinsights_skip_tracking":false,"_monsterinsights_sitenote_active":false,"_monsterinsights_sitenote_note":"","_monsterinsights_sitenote_category":0,"footnotes":""},"class_list":["post-1435","page","type-page","status-publish","czr-hentry"],"yoast_head":"<!-- This site is optimized with the Yoast SEO plugin v27.2 - https:\/\/yoast.com\/product\/yoast-seo-wordpress\/ -->\n<title>V\u00eddeos de Logopedia - Iguala3<\/title>\n<meta name=\"robots\" content=\"index, follow, max-snippet:-1, max-image-preview:large, max-video-preview:-1\" \/>\n<link rel=\"canonical\" href=\"https:\/\/iguala3.org\/index.php\/videos-de-logopedia\/\" \/>\n<meta property=\"og:locale\" content=\"es_ES\" \/>\n<meta property=\"og:type\" content=\"article\" \/>\n<meta property=\"og:title\" content=\"V\u00eddeos de Logopedia - Iguala3\" \/>\n<meta property=\"og:description\" content=\"A continuaci\u00f3n vas a poder realizar algunos ejercicios de logopedia desde tu casa, siguiendo las indicaciones de los siguientes v\u00eddeos. Siempre ser\u00e1n m\u00e1s productivas las sesiones presenciales, pero toda pr\u00e1ctica es buena. Sobre todo cuando se hace con profesionales expertos, como los de Iguala3. Logopedia 4: Relajaci\u00f3n perilar\u00edngea. Logopedia 3: Respiraci\u00f3n abdominal. Logopedia 2: Ejercicios [&hellip;]\" \/>\n<meta property=\"og:url\" content=\"https:\/\/iguala3.org\/index.php\/videos-de-logopedia\/\" \/>\n<meta property=\"og:site_name\" content=\"Iguala3\" \/>\n<meta property=\"article:publisher\" content=\"https:\/\/www.facebook.com\/pages\/Iguala3\/820765978014722\" \/>\n<meta property=\"article:modified_time\" content=\"2020-10-01T09:04:15+00:00\" \/>\n<meta property=\"og:image\" content=\"https:\/\/iguala3.org\/wp-content\/uploads\/2015\/06\/Logo-color-I3-e1433841997489.jpg\" \/>\n\t<meta property=\"og:image:width\" content=\"211\" \/>\n\t<meta property=\"og:image:height\" content=\"87\" \/>\n\t<meta property=\"og:image:type\" content=\"image\/jpeg\" \/>\n<meta name=\"twitter:card\" content=\"summary_large_image\" \/>\n<meta name=\"twitter:site\" content=\"@iguala3_\" \/>\n<script type=\"application\/ld+json\" class=\"yoast-schema-graph\">{\"@context\":\"https:\/\/schema.org\",\"@graph\":[{\"@type\":\"WebPage\",\"@id\":\"https:\/\/iguala3.org\/index.php\/videos-de-logopedia\/\",\"url\":\"https:\/\/iguala3.org\/index.php\/videos-de-logopedia\/\",\"name\":\"V\u00eddeos de Logopedia - Iguala3\",\"isPartOf\":{\"@id\":\"https:\/\/iguala3.org\/#website\"},\"datePublished\":\"2020-04-19T20:57:59+00:00\",\"dateModified\":\"2020-10-01T09:04:15+00:00\",\"breadcrumb\":{\"@id\":\"https:\/\/iguala3.org\/index.php\/videos-de-logopedia\/#breadcrumb\"},\"inLanguage\":\"es\",\"potentialAction\":[{\"@type\":\"ReadAction\",\"target\":[\"https:\/\/iguala3.org\/index.php\/videos-de-logopedia\/\"]}]},{\"@type\":\"BreadcrumbList\",\"@id\":\"https:\/\/iguala3.org\/index.php\/videos-de-logopedia\/#breadcrumb\",\"itemListElement\":[{\"@type\":\"ListItem\",\"position\":1,\"name\":\"Portada\",\"item\":\"https:\/\/iguala3.org\/\"},{\"@type\":\"ListItem\",\"position\":2,\"name\":\"V\u00eddeos de Logopedia\"}]},{\"@type\":\"WebSite\",\"@id\":\"https:\/\/iguala3.org\/#website\",\"url\":\"https:\/\/iguala3.org\/\",\"name\":\"Iguala3\",\"description\":\"Asociaci\u00f3n de Familiares, Amigos y Personas con Da\u00f1o Cerebral de Castilla La Mancha\",\"publisher\":{\"@id\":\"https:\/\/iguala3.org\/#organization\"},\"potentialAction\":[{\"@type\":\"SearchAction\",\"target\":{\"@type\":\"EntryPoint\",\"urlTemplate\":\"https:\/\/iguala3.org\/?s={search_term_string}\"},\"query-input\":{\"@type\":\"PropertyValueSpecification\",\"valueRequired\":true,\"valueName\":\"search_term_string\"}}],\"inLanguage\":\"es\"},{\"@type\":\"Organization\",\"@id\":\"https:\/\/iguala3.org\/#organization\",\"name\":\"Asociaci\u00f3n de Familiares, Amigos y Personas con Da\u00f1o Cerebral de Castilla-La Mancha\",\"url\":\"https:\/\/iguala3.org\/\",\"logo\":{\"@type\":\"ImageObject\",\"inLanguage\":\"es\",\"@id\":\"https:\/\/iguala3.org\/#\/schema\/logo\/image\/\",\"url\":\"https:\/\/iguala3.org\/wp-content\/uploads\/2015\/06\/Logo-color-I3-e1433841997489.jpg\",\"contentUrl\":\"https:\/\/iguala3.org\/wp-content\/uploads\/2015\/06\/Logo-color-I3-e1433841997489.jpg\",\"width\":211,\"height\":87,\"caption\":\"Asociaci\u00f3n de Familiares, Amigos y Personas con Da\u00f1o Cerebral de Castilla-La Mancha\"},\"image\":{\"@id\":\"https:\/\/iguala3.org\/#\/schema\/logo\/image\/\"},\"sameAs\":[\"https:\/\/www.facebook.com\/pages\/Iguala3\/820765978014722\",\"https:\/\/x.com\/iguala3_\",\"https:\/\/www.instagram.com\/iguala_3\/\",\"https:\/\/www.youtube.com\/channel\/UCPO794h8wGRurN_87MYN99w\/videos\"]}]}<\/script>\n<!-- \/ Yoast SEO plugin. -->","yoast_head_json":{"title":"V\u00eddeos de Logopedia - Iguala3","robots":{"index":"index","follow":"follow","max-snippet":"max-snippet:-1","max-image-preview":"max-image-preview:large","max-video-preview":"max-video-preview:-1"},"canonical":"https:\/\/iguala3.org\/index.php\/videos-de-logopedia\/","og_locale":"es_ES","og_type":"article","og_title":"V\u00eddeos de Logopedia - Iguala3","og_description":"A continuaci\u00f3n vas a poder realizar algunos ejercicios de logopedia desde tu casa, siguiendo las indicaciones de los siguientes v\u00eddeos. Siempre ser\u00e1n m\u00e1s productivas las sesiones presenciales, pero toda pr\u00e1ctica es buena. Sobre todo cuando se hace con profesionales expertos, como los de Iguala3. Logopedia 4: Relajaci\u00f3n perilar\u00edngea. Logopedia 3: Respiraci\u00f3n abdominal. Logopedia 2: Ejercicios [&hellip;]","og_url":"https:\/\/iguala3.org\/index.php\/videos-de-logopedia\/","og_site_name":"Iguala3","article_publisher":"https:\/\/www.facebook.com\/pages\/Iguala3\/820765978014722","article_modified_time":"2020-10-01T09:04:15+00:00","og_image":[{"width":211,"height":87,"url":"https:\/\/iguala3.org\/wp-content\/uploads\/2015\/06\/Logo-color-I3-e1433841997489.jpg","type":"image\/jpeg"}],"twitter_card":"summary_large_image","twitter_site":"@iguala3_","schema":{"@context":"https:\/\/schema.org","@graph":[{"@type":"WebPage","@id":"https:\/\/iguala3.org\/index.php\/videos-de-logopedia\/","url":"https:\/\/iguala3.org\/index.php\/videos-de-logopedia\/","name":"V\u00eddeos de Logopedia - Iguala3","isPartOf":{"@id":"https:\/\/iguala3.org\/#website"},"datePublished":"2020-04-19T20:57:59+00:00","dateModified":"2020-10-01T09:04:15+00:00","breadcrumb":{"@id":"https:\/\/iguala3.org\/index.php\/videos-de-logopedia\/#breadcrumb"},"inLanguage":"es","potentialAction":[{"@type":"ReadAction","target":["https:\/\/iguala3.org\/index.php\/videos-de-logopedia\/"]}]},{"@type":"BreadcrumbList","@id":"https:\/\/iguala3.org\/index.php\/videos-de-logopedia\/#breadcrumb","itemListElement":[{"@type":"ListItem","position":1,"name":"Portada","item":"https:\/\/iguala3.org\/"},{"@type":"ListItem","position":2,"name":"V\u00eddeos de Logopedia"}]},{"@type":"WebSite","@id":"https:\/\/iguala3.org\/#website","url":"https:\/\/iguala3.org\/","name":"Iguala3","description":"Asociaci\u00f3n de Familiares, Amigos y Personas con Da\u00f1o Cerebral de Castilla La Mancha","publisher":{"@id":"https:\/\/iguala3.org\/#organization"},"potentialAction":[{"@type":"SearchAction","target":{"@type":"EntryPoint","urlTemplate":"https:\/\/iguala3.org\/?s={search_term_string}"},"query-input":{"@type":"PropertyValueSpecification","valueRequired":true,"valueName":"search_term_string"}}],"inLanguage":"es"},{"@type":"Organization","@id":"https:\/\/iguala3.org\/#organization","name":"Asociaci\u00f3n de Familiares, Amigos y Personas con Da\u00f1o Cerebral de Castilla-La Mancha","url":"https:\/\/iguala3.org\/","logo":{"@type":"ImageObject","inLanguage":"es","@id":"https:\/\/iguala3.org\/#\/schema\/logo\/image\/","url":"https:\/\/iguala3.org\/wp-content\/uploads\/2015\/06\/Logo-color-I3-e1433841997489.jpg","contentUrl":"https:\/\/iguala3.org\/wp-content\/uploads\/2015\/06\/Logo-color-I3-e1433841997489.jpg","width":211,"height":87,"caption":"Asociaci\u00f3n de Familiares, Amigos y Personas con Da\u00f1o Cerebral de Castilla-La Mancha"},"image":{"@id":"https:\/\/iguala3.org\/#\/schema\/logo\/image\/"},"sameAs":["https:\/\/www.facebook.com\/pages\/Iguala3\/820765978014722","https:\/\/x.com\/iguala3_","https:\/\/www.instagram.com\/iguala_3\/","https:\/\/www.youtube.com\/channel\/UCPO794h8wGRurN_87MYN99w\/videos"]}]}},"_links":{"self":[{"href":"https:\/\/iguala3.org\/index.php\/wp-json\/wp\/v2\/pages\/1435","targetHints":{"allow":["GET"]}}],"collection":[{"href":"https:\/\/iguala3.org\/index.php\/wp-json\/wp\/v2\/pages"}],"about":[{"href":"https:\/\/iguala3.org\/index.php\/wp-json\/wp\/v2\/types\/page"}],"author":[{"embeddable":true,"href":"https:\/\/iguala3.org\/index.php\/wp-json\/wp\/v2\/users\/1"}],"replies":[{"embeddable":true,"href":"https:\/\/iguala3.org\/index.php\/wp-json\/wp\/v2\/comments?post=1435"}],"version-history":[{"count":8,"href":"https:\/\/iguala3.org\/index.php\/wp-json\/wp\/v2\/pages\/1435\/revisions"}],"predecessor-version":[{"id":1690,"href":"https:\/\/iguala3.org\/index.php\/wp-json\/wp\/v2\/pages\/1435\/revisions\/1690"}],"wp:attachment":[{"href":"https:\/\/iguala3.org\/index.php\/wp-json\/wp\/v2\/media?parent=1435"}],"curies":[{"name":"wp","href":"https:\/\/api.w.org\/{rel}","templated":true}]}}