{"id":1441,"date":"2020-04-19T22:18:34","date_gmt":"2020-04-19T21:18:34","guid":{"rendered":"http:\/\/iguala3.org\/?page_id=1441"},"modified":"2020-10-01T10:10:48","modified_gmt":"2020-10-01T09:10:48","slug":"videos-de-terapia-ocupacional","status":"publish","type":"page","link":"https:\/\/iguala3.org\/index.php\/videos-de-terapia-ocupacional\/","title":{"rendered":"V\u00eddeos de Terapia Ocupacional"},"content":{"rendered":"\n<p>La <strong>Terapia Ocupacional<\/strong> es la disciplina ESENCIAL en la recuperaci\u00f3n de capacidades funcionales <strong>tras una lesi\u00f3n cerebral<\/strong>. A falta de una valoraci\u00f3n previa, los siguientes v\u00eddeos proponen ejercicios que <strong>pueden realizarse siempre y cuando no aparezca dolor ni molestias<\/strong>. En este caso, contacta con nosotros y veremos la forma de adaptar las actividades a tu situaci\u00f3n particular.<\/p>\n\n\n\n<ul class=\"wp-block-list\"><li><a href=\"https:\/\/www.youtube.com\/watch?v=-83PpgjNwos\" target=\"_blank\" rel=\"noreferrer noopener\">Terapia ocupacional 15: Desplazamiento en la cama.<\/a><\/li><li><a href=\"https:\/\/www.youtube.com\/watch?v=wuEbAatod1s\" target=\"_blank\" rel=\"noreferrer noopener\">Terapia ocupacional 14: Vestido y hemiparesia.<\/a><\/li><li><a href=\"https:\/\/www.youtube.com\/watch?v=z2VOY0s3GdE\" target=\"_blank\" rel=\"noreferrer noopener\">Terapia ocupacional 13: Cambio postural.<\/a><\/li><li><a href=\"https:\/\/www.youtube.com\/watch?v=MyWmuv49W0I\" target=\"_blank\" rel=\"noreferrer noopener\">Terapia ocupacional 12: Entrenamiento bilateral.<\/a><\/li><li><a href=\"https:\/\/www.youtube.com\/watch?v=BodvOPUh4pM\" target=\"_blank\" rel=\"noreferrer noopener\">Terapia ocupacional 11: Ejercicios con los dedos.<\/a><\/li><li><a rel=\"noreferrer noopener\" href=\"https:\/\/www.youtube.com\/watch?v=EdfP7w-cdi8\" target=\"_blank\">Terapia ocupacional 10: Re-Equilibramiento<\/a>.<\/li><li><a rel=\"noreferrer noopener\" href=\"https:\/\/www.youtube.com\/watch?v=2VwffPVVnN0\" target=\"_blank\">Terapia ocupacional 9: Ejercicios de lateralidad<\/a>.<\/li><li><a rel=\"noreferrer noopener\" href=\"https:\/\/www.youtube.com\/watch?v=lGL8sleyWS4\" target=\"_blank\">Terapia ocupacional 8: Actividades de destreza manipulativa para ni\u00f1os<\/a>.<\/li><li><a rel=\"noreferrer noopener\" href=\"https:\/\/www.youtube.com\/watch?v=YNal2swWr_0\" target=\"_blank\">Terapia ocupacional 7: Sensibilidad manual<\/a>.<\/li><li><a rel=\"noreferrer noopener\" aria-label=\"Terapia ocupacional 6: Recomendaciones. (abre en una nueva pesta\u00f1a)\" href=\"https:\/\/www.youtube.com\/watch?v=nN2hurw3-4I\" target=\"_blank\">Terapia ocupacional 6: Recomendaciones.<\/a><\/li><li><a rel=\"noreferrer noopener\" aria-label=\"Terapia ocupacional 5: Rotaci\u00f3n de tronco. (abre en una nueva pesta\u00f1a)\" href=\"https:\/\/www.youtube.com\/watch?v=Xbx_TNqypPY\" target=\"_blank\">Terapia ocupacional 5: Rotaci\u00f3n de tronco.<\/a><\/li><li><a rel=\"noreferrer noopener\" href=\"https:\/\/www.youtube.com\/watch?v=TP92PlgD4WU\" target=\"_blank\">Terapia ocupacional 4: Coordinaci\u00f3n \u00f3culo manual.<\/a><\/li><li><a rel=\"noreferrer noopener\" aria-label=\"Terapia ocupacional 3: Ejercicios de sensibilidad. (abre en una nueva pesta\u00f1a)\" href=\"https:\/\/www.youtube.com\/watch?v=4lsSjsXOsk4\" target=\"_blank\">Terapia ocupacional 3: Ejercicios de sensibilidad.<\/a><\/li><li><a rel=\"noreferrer noopener\" aria-label=\"Terapia ocupacional 2: Ejercicios para las manos. (abre en una nueva pesta\u00f1a)\" href=\"https:\/\/www.youtube.com\/watch?v=Oq4vKJWCYI4\" target=\"_blank\">Terapia ocupacional 2: Ejercicios para las manos.<\/a> <\/li><li><a rel=\"noreferrer noopener\" aria-label=\"Terapia ocupacional 1: Movilidad de los miembros superiores. (abre en una nueva pesta\u00f1a)\" href=\"https:\/\/www.youtube.com\/watch?v=hzdzSXoEg-s\" target=\"_blank\">Terapia ocupacional 1: Movilidad de los miembros superiores.<\/a> <\/li><\/ul>\n","protected":false},"excerpt":{"rendered":"<p>La Terapia Ocupacional es la disciplina ESENCIAL en la recuperaci\u00f3n de capacidades funcionales tras una lesi\u00f3n cerebral. A falta de una valoraci\u00f3n previa, los siguientes v\u00eddeos proponen ejercicios que pueden realizarse siempre y cuando no aparezca dolor ni molestias. En este caso, contacta con nosotros y veremos la forma de adaptar las actividades a tu [&hellip;]<\/p>\n","protected":false},"author":1,"featured_media":0,"parent":0,"menu_order":0,"comment_status":"closed","ping_status":"closed","template":"","meta":{"_bbp_topic_count":0,"_bbp_reply_count":0,"_bbp_total_topic_count":0,"_bbp_total_reply_count":0,"_bbp_voice_count":0,"_bbp_anonymous_reply_count":0,"_bbp_topic_count_hidden":0,"_bbp_reply_count_hidden":0,"_bbp_forum_subforum_count":0,"_monsterinsights_skip_tracking":false,"_monsterinsights_sitenote_active":false,"_monsterinsights_sitenote_note":"","_monsterinsights_sitenote_category":0,"footnotes":""},"class_list":["post-1441","page","type-page","status-publish","czr-hentry"],"yoast_head":"<!-- This site is optimized with the Yoast SEO plugin v27.2 - https:\/\/yoast.com\/product\/yoast-seo-wordpress\/ -->\n<title>V\u00eddeos de Terapia Ocupacional - Iguala3<\/title>\n<meta name=\"robots\" content=\"index, follow, max-snippet:-1, max-image-preview:large, max-video-preview:-1\" \/>\n<link rel=\"canonical\" href=\"https:\/\/iguala3.org\/index.php\/videos-de-terapia-ocupacional\/\" \/>\n<meta property=\"og:locale\" content=\"es_ES\" \/>\n<meta property=\"og:type\" content=\"article\" \/>\n<meta property=\"og:title\" content=\"V\u00eddeos de Terapia Ocupacional - Iguala3\" \/>\n<meta property=\"og:description\" content=\"La Terapia Ocupacional es la disciplina ESENCIAL en la recuperaci\u00f3n de capacidades funcionales tras una lesi\u00f3n cerebral. A falta de una valoraci\u00f3n previa, los siguientes v\u00eddeos proponen ejercicios que pueden realizarse siempre y cuando no aparezca dolor ni molestias. En este caso, contacta con nosotros y veremos la forma de adaptar las actividades a tu [&hellip;]\" \/>\n<meta property=\"og:url\" content=\"https:\/\/iguala3.org\/index.php\/videos-de-terapia-ocupacional\/\" \/>\n<meta property=\"og:site_name\" content=\"Iguala3\" \/>\n<meta property=\"article:publisher\" content=\"https:\/\/www.facebook.com\/pages\/Iguala3\/820765978014722\" \/>\n<meta property=\"article:modified_time\" content=\"2020-10-01T09:10:48+00:00\" \/>\n<meta property=\"og:image\" content=\"https:\/\/iguala3.org\/wp-content\/uploads\/2015\/06\/Logo-color-I3-e1433841997489.jpg\" \/>\n\t<meta property=\"og:image:width\" content=\"211\" \/>\n\t<meta property=\"og:image:height\" content=\"87\" \/>\n\t<meta property=\"og:image:type\" content=\"image\/jpeg\" \/>\n<meta name=\"twitter:card\" content=\"summary_large_image\" \/>\n<meta name=\"twitter:site\" content=\"@iguala3_\" \/>\n<meta name=\"twitter:label1\" content=\"Tiempo de lectura\" \/>\n\t<meta name=\"twitter:data1\" content=\"1 minuto\" \/>\n<script type=\"application\/ld+json\" class=\"yoast-schema-graph\">{\"@context\":\"https:\/\/schema.org\",\"@graph\":[{\"@type\":\"WebPage\",\"@id\":\"https:\/\/iguala3.org\/index.php\/videos-de-terapia-ocupacional\/\",\"url\":\"https:\/\/iguala3.org\/index.php\/videos-de-terapia-ocupacional\/\",\"name\":\"V\u00eddeos de Terapia Ocupacional - Iguala3\",\"isPartOf\":{\"@id\":\"https:\/\/iguala3.org\/#website\"},\"datePublished\":\"2020-04-19T21:18:34+00:00\",\"dateModified\":\"2020-10-01T09:10:48+00:00\",\"breadcrumb\":{\"@id\":\"https:\/\/iguala3.org\/index.php\/videos-de-terapia-ocupacional\/#breadcrumb\"},\"inLanguage\":\"es\",\"potentialAction\":[{\"@type\":\"ReadAction\",\"target\":[\"https:\/\/iguala3.org\/index.php\/videos-de-terapia-ocupacional\/\"]}]},{\"@type\":\"BreadcrumbList\",\"@id\":\"https:\/\/iguala3.org\/index.php\/videos-de-terapia-ocupacional\/#breadcrumb\",\"itemListElement\":[{\"@type\":\"ListItem\",\"position\":1,\"name\":\"Portada\",\"item\":\"https:\/\/iguala3.org\/\"},{\"@type\":\"ListItem\",\"position\":2,\"name\":\"V\u00eddeos de Terapia Ocupacional\"}]},{\"@type\":\"WebSite\",\"@id\":\"https:\/\/iguala3.org\/#website\",\"url\":\"https:\/\/iguala3.org\/\",\"name\":\"Iguala3\",\"description\":\"Asociaci\u00f3n de Familiares, Amigos y Personas con Da\u00f1o Cerebral de Castilla La Mancha\",\"publisher\":{\"@id\":\"https:\/\/iguala3.org\/#organization\"},\"potentialAction\":[{\"@type\":\"SearchAction\",\"target\":{\"@type\":\"EntryPoint\",\"urlTemplate\":\"https:\/\/iguala3.org\/?s={search_term_string}\"},\"query-input\":{\"@type\":\"PropertyValueSpecification\",\"valueRequired\":true,\"valueName\":\"search_term_string\"}}],\"inLanguage\":\"es\"},{\"@type\":\"Organization\",\"@id\":\"https:\/\/iguala3.org\/#organization\",\"name\":\"Asociaci\u00f3n de Familiares, Amigos y Personas con Da\u00f1o Cerebral de Castilla-La Mancha\",\"url\":\"https:\/\/iguala3.org\/\",\"logo\":{\"@type\":\"ImageObject\",\"inLanguage\":\"es\",\"@id\":\"https:\/\/iguala3.org\/#\/schema\/logo\/image\/\",\"url\":\"https:\/\/iguala3.org\/wp-content\/uploads\/2015\/06\/Logo-color-I3-e1433841997489.jpg\",\"contentUrl\":\"https:\/\/iguala3.org\/wp-content\/uploads\/2015\/06\/Logo-color-I3-e1433841997489.jpg\",\"width\":211,\"height\":87,\"caption\":\"Asociaci\u00f3n de Familiares, Amigos y Personas con Da\u00f1o Cerebral de Castilla-La Mancha\"},\"image\":{\"@id\":\"https:\/\/iguala3.org\/#\/schema\/logo\/image\/\"},\"sameAs\":[\"https:\/\/www.facebook.com\/pages\/Iguala3\/820765978014722\",\"https:\/\/x.com\/iguala3_\",\"https:\/\/www.instagram.com\/iguala_3\/\",\"https:\/\/www.youtube.com\/channel\/UCPO794h8wGRurN_87MYN99w\/videos\"]}]}<\/script>\n<!-- \/ Yoast SEO plugin. -->","yoast_head_json":{"title":"V\u00eddeos de Terapia Ocupacional - Iguala3","robots":{"index":"index","follow":"follow","max-snippet":"max-snippet:-1","max-image-preview":"max-image-preview:large","max-video-preview":"max-video-preview:-1"},"canonical":"https:\/\/iguala3.org\/index.php\/videos-de-terapia-ocupacional\/","og_locale":"es_ES","og_type":"article","og_title":"V\u00eddeos de Terapia Ocupacional - Iguala3","og_description":"La Terapia Ocupacional es la disciplina ESENCIAL en la recuperaci\u00f3n de capacidades funcionales tras una lesi\u00f3n cerebral. A falta de una valoraci\u00f3n previa, los siguientes v\u00eddeos proponen ejercicios que pueden realizarse siempre y cuando no aparezca dolor ni molestias. En este caso, contacta con nosotros y veremos la forma de adaptar las actividades a tu [&hellip;]","og_url":"https:\/\/iguala3.org\/index.php\/videos-de-terapia-ocupacional\/","og_site_name":"Iguala3","article_publisher":"https:\/\/www.facebook.com\/pages\/Iguala3\/820765978014722","article_modified_time":"2020-10-01T09:10:48+00:00","og_image":[{"width":211,"height":87,"url":"https:\/\/iguala3.org\/wp-content\/uploads\/2015\/06\/Logo-color-I3-e1433841997489.jpg","type":"image\/jpeg"}],"twitter_card":"summary_large_image","twitter_site":"@iguala3_","twitter_misc":{"Tiempo de lectura":"1 minuto"},"schema":{"@context":"https:\/\/schema.org","@graph":[{"@type":"WebPage","@id":"https:\/\/iguala3.org\/index.php\/videos-de-terapia-ocupacional\/","url":"https:\/\/iguala3.org\/index.php\/videos-de-terapia-ocupacional\/","name":"V\u00eddeos de Terapia Ocupacional - Iguala3","isPartOf":{"@id":"https:\/\/iguala3.org\/#website"},"datePublished":"2020-04-19T21:18:34+00:00","dateModified":"2020-10-01T09:10:48+00:00","breadcrumb":{"@id":"https:\/\/iguala3.org\/index.php\/videos-de-terapia-ocupacional\/#breadcrumb"},"inLanguage":"es","potentialAction":[{"@type":"ReadAction","target":["https:\/\/iguala3.org\/index.php\/videos-de-terapia-ocupacional\/"]}]},{"@type":"BreadcrumbList","@id":"https:\/\/iguala3.org\/index.php\/videos-de-terapia-ocupacional\/#breadcrumb","itemListElement":[{"@type":"ListItem","position":1,"name":"Portada","item":"https:\/\/iguala3.org\/"},{"@type":"ListItem","position":2,"name":"V\u00eddeos de Terapia Ocupacional"}]},{"@type":"WebSite","@id":"https:\/\/iguala3.org\/#website","url":"https:\/\/iguala3.org\/","name":"Iguala3","description":"Asociaci\u00f3n de Familiares, Amigos y Personas con Da\u00f1o Cerebral de Castilla La Mancha","publisher":{"@id":"https:\/\/iguala3.org\/#organization"},"potentialAction":[{"@type":"SearchAction","target":{"@type":"EntryPoint","urlTemplate":"https:\/\/iguala3.org\/?s={search_term_string}"},"query-input":{"@type":"PropertyValueSpecification","valueRequired":true,"valueName":"search_term_string"}}],"inLanguage":"es"},{"@type":"Organization","@id":"https:\/\/iguala3.org\/#organization","name":"Asociaci\u00f3n de Familiares, Amigos y Personas con Da\u00f1o Cerebral de Castilla-La Mancha","url":"https:\/\/iguala3.org\/","logo":{"@type":"ImageObject","inLanguage":"es","@id":"https:\/\/iguala3.org\/#\/schema\/logo\/image\/","url":"https:\/\/iguala3.org\/wp-content\/uploads\/2015\/06\/Logo-color-I3-e1433841997489.jpg","contentUrl":"https:\/\/iguala3.org\/wp-content\/uploads\/2015\/06\/Logo-color-I3-e1433841997489.jpg","width":211,"height":87,"caption":"Asociaci\u00f3n de Familiares, Amigos y Personas con Da\u00f1o Cerebral de Castilla-La Mancha"},"image":{"@id":"https:\/\/iguala3.org\/#\/schema\/logo\/image\/"},"sameAs":["https:\/\/www.facebook.com\/pages\/Iguala3\/820765978014722","https:\/\/x.com\/iguala3_","https:\/\/www.instagram.com\/iguala_3\/","https:\/\/www.youtube.com\/channel\/UCPO794h8wGRurN_87MYN99w\/videos"]}]}},"_links":{"self":[{"href":"https:\/\/iguala3.org\/index.php\/wp-json\/wp\/v2\/pages\/1441","targetHints":{"allow":["GET"]}}],"collection":[{"href":"https:\/\/iguala3.org\/index.php\/wp-json\/wp\/v2\/pages"}],"about":[{"href":"https:\/\/iguala3.org\/index.php\/wp-json\/wp\/v2\/types\/page"}],"author":[{"embeddable":true,"href":"https:\/\/iguala3.org\/index.php\/wp-json\/wp\/v2\/users\/1"}],"replies":[{"embeddable":true,"href":"https:\/\/iguala3.org\/index.php\/wp-json\/wp\/v2\/comments?post=1441"}],"version-history":[{"count":9,"href":"https:\/\/iguala3.org\/index.php\/wp-json\/wp\/v2\/pages\/1441\/revisions"}],"predecessor-version":[{"id":1691,"href":"https:\/\/iguala3.org\/index.php\/wp-json\/wp\/v2\/pages\/1441\/revisions\/1691"}],"wp:attachment":[{"href":"https:\/\/iguala3.org\/index.php\/wp-json\/wp\/v2\/media?parent=1441"}],"curies":[{"name":"wp","href":"https:\/\/api.w.org\/{rel}","templated":true}]}}