{"id":1448,"date":"2020-04-19T22:37:54","date_gmt":"2020-04-19T21:37:54","guid":{"rendered":"http:\/\/iguala3.org\/?page_id=1448"},"modified":"2020-10-01T09:58:55","modified_gmt":"2020-10-01T08:58:55","slug":"videos-de-neurosicologia-y-psicologia","status":"publish","type":"page","link":"https:\/\/iguala3.org\/index.php\/videos-de-neurosicologia-y-psicologia\/","title":{"rendered":"V\u00eddeos de Neurosicolog\u00eda y Psicolog\u00eda"},"content":{"rendered":"\n<p>Los siguientes v\u00eddeos pretenden ser \u00fatiles en el plano de la estimulaci\u00f3n cognitiva. Si hablamos de Rehabilitaci\u00f3n Neurol\u00f3gica, ser\u00eda preciso determinar previamente las necesidades particulares de la persona.<\/p>\n\n\n\n<ul class=\"wp-block-list\"><li><a href=\"https:\/\/www.youtube.com\/watch?v=XFEQKisbA-0\" target=\"_blank\" rel=\"noreferrer noopener\">Neuropsicolog\u00eda 7: Razonamiento espacial<\/a>.<\/li><li><a rel=\"noreferrer noopener\" href=\"https:\/\/www.youtube.com\/watch?v=HcdV3kLcB3c&amp;t\" target=\"_blank\">Neuropsicolog\u00eda 6: Atenci\u00f3n sostenida (CPT-1)<\/a><\/li><li><a rel=\"noreferrer noopener\" href=\"https:\/\/www.youtube.com\/watch?v=Fa5lsf0zfJc\" target=\"_blank\">Neuropsicolog\u00eda 5: Atenci\u00f3n sostenida (CPT)<\/a>.<\/li><li><a rel=\"noreferrer noopener\" aria-label=\"Neuropsicolog\u00eda 4: Atenci\u00f3n sostenida. (abre en una nueva pesta\u00f1a)\" href=\"https:\/\/www.youtube.com\/watch?v=r4Rwyw-7PSY\" target=\"_blank\">Neuropsicolog\u00eda 4: Atenci\u00f3n sostenida.<\/a><\/li><li><a rel=\"noreferrer noopener\" aria-label=\"Psicolog\u00eda 3: Cuidados para cuidadoras. (abre en una nueva pesta\u00f1a)\" href=\"https:\/\/www.youtube.com\/watch?v=GIHqOyk1KZc\" target=\"_blank\">Psicolog\u00eda 3: Cuidados para cuidadoras.<\/a><\/li><li><a rel=\"noreferrer noopener\" aria-label=\"Neourosicolog\u00eda 2: Relajaci\u00f3n. (abre en una nueva pesta\u00f1a)\" href=\"https:\/\/www.youtube.com\/watch?v=0M3vLio4GKE\" target=\"_blank\">Psicolog\u00eda 2: Relajaci\u00f3n.<\/a><\/li><li><a rel=\"noreferrer noopener\" aria-label=\"Neourosicolog\u00eda 2: Relajaci\u00f3n. (abre en una nueva pesta\u00f1a)\" href=\"https:\/\/www.youtube.com\/watch?v=0M3vLio4GKE\" target=\"_blank\">Neurop<\/a><a rel=\"noreferrer noopener\" aria-label=\"Psicolog\u00eda 1: Relajaci\u00f3n por respiraci\u00f3n. (abre en una nueva pesta\u00f1a)\" href=\"https:\/\/www.youtube.com\/watch?v=hdt7Sma39fo\" target=\"_blank\">sicolog\u00eda 1: Relajaci\u00f3n por respiraci\u00f3n.<\/a><\/li><\/ul>\n","protected":false},"excerpt":{"rendered":"<p>Los siguientes v\u00eddeos pretenden ser \u00fatiles en el plano de la estimulaci\u00f3n cognitiva. Si hablamos de Rehabilitaci\u00f3n Neurol\u00f3gica, ser\u00eda preciso determinar previamente las necesidades particulares de la persona. Neuropsicolog\u00eda 7: Razonamiento espacial. Neuropsicolog\u00eda 6: Atenci\u00f3n sostenida (CPT-1) Neuropsicolog\u00eda 5: Atenci\u00f3n sostenida (CPT). Neuropsicolog\u00eda 4: Atenci\u00f3n sostenida. Psicolog\u00eda 3: Cuidados para cuidadoras. Psicolog\u00eda 2: Relajaci\u00f3n. Neuropsicolog\u00eda [&hellip;]<\/p>\n","protected":false},"author":1,"featured_media":0,"parent":0,"menu_order":0,"comment_status":"closed","ping_status":"closed","template":"","meta":{"_bbp_topic_count":0,"_bbp_reply_count":0,"_bbp_total_topic_count":0,"_bbp_total_reply_count":0,"_bbp_voice_count":0,"_bbp_anonymous_reply_count":0,"_bbp_topic_count_hidden":0,"_bbp_reply_count_hidden":0,"_bbp_forum_subforum_count":0,"_monsterinsights_skip_tracking":false,"_monsterinsights_sitenote_active":false,"_monsterinsights_sitenote_note":"","_monsterinsights_sitenote_category":0,"footnotes":""},"class_list":["post-1448","page","type-page","status-publish","czr-hentry"],"yoast_head":"<!-- This site is optimized with the Yoast SEO plugin v27.2 - https:\/\/yoast.com\/product\/yoast-seo-wordpress\/ -->\n<title>V\u00eddeos de Neurosicolog\u00eda y Psicolog\u00eda - Iguala3<\/title>\n<meta name=\"robots\" content=\"index, follow, max-snippet:-1, max-image-preview:large, max-video-preview:-1\" \/>\n<link rel=\"canonical\" href=\"https:\/\/iguala3.org\/index.php\/videos-de-neurosicologia-y-psicologia\/\" \/>\n<meta property=\"og:locale\" content=\"es_ES\" \/>\n<meta property=\"og:type\" content=\"article\" \/>\n<meta property=\"og:title\" content=\"V\u00eddeos de Neurosicolog\u00eda y Psicolog\u00eda - Iguala3\" \/>\n<meta property=\"og:description\" content=\"Los siguientes v\u00eddeos pretenden ser \u00fatiles en el plano de la estimulaci\u00f3n cognitiva. Si hablamos de Rehabilitaci\u00f3n Neurol\u00f3gica, ser\u00eda preciso determinar previamente las necesidades particulares de la persona. Neuropsicolog\u00eda 7: Razonamiento espacial. Neuropsicolog\u00eda 6: Atenci\u00f3n sostenida (CPT-1) Neuropsicolog\u00eda 5: Atenci\u00f3n sostenida (CPT). Neuropsicolog\u00eda 4: Atenci\u00f3n sostenida. Psicolog\u00eda 3: Cuidados para cuidadoras. Psicolog\u00eda 2: Relajaci\u00f3n. Neuropsicolog\u00eda [&hellip;]\" \/>\n<meta property=\"og:url\" content=\"https:\/\/iguala3.org\/index.php\/videos-de-neurosicologia-y-psicologia\/\" \/>\n<meta property=\"og:site_name\" content=\"Iguala3\" \/>\n<meta property=\"article:publisher\" content=\"https:\/\/www.facebook.com\/pages\/Iguala3\/820765978014722\" \/>\n<meta property=\"article:modified_time\" content=\"2020-10-01T08:58:55+00:00\" \/>\n<meta property=\"og:image\" content=\"https:\/\/iguala3.org\/wp-content\/uploads\/2015\/06\/Logo-color-I3-e1433841997489.jpg\" \/>\n\t<meta property=\"og:image:width\" content=\"211\" \/>\n\t<meta property=\"og:image:height\" content=\"87\" \/>\n\t<meta property=\"og:image:type\" content=\"image\/jpeg\" \/>\n<meta name=\"twitter:card\" content=\"summary_large_image\" \/>\n<meta name=\"twitter:site\" content=\"@iguala3_\" \/>\n<script type=\"application\/ld+json\" class=\"yoast-schema-graph\">{\"@context\":\"https:\/\/schema.org\",\"@graph\":[{\"@type\":\"WebPage\",\"@id\":\"https:\/\/iguala3.org\/index.php\/videos-de-neurosicologia-y-psicologia\/\",\"url\":\"https:\/\/iguala3.org\/index.php\/videos-de-neurosicologia-y-psicologia\/\",\"name\":\"V\u00eddeos de Neurosicolog\u00eda y Psicolog\u00eda - Iguala3\",\"isPartOf\":{\"@id\":\"https:\/\/iguala3.org\/#website\"},\"datePublished\":\"2020-04-19T21:37:54+00:00\",\"dateModified\":\"2020-10-01T08:58:55+00:00\",\"breadcrumb\":{\"@id\":\"https:\/\/iguala3.org\/index.php\/videos-de-neurosicologia-y-psicologia\/#breadcrumb\"},\"inLanguage\":\"es\",\"potentialAction\":[{\"@type\":\"ReadAction\",\"target\":[\"https:\/\/iguala3.org\/index.php\/videos-de-neurosicologia-y-psicologia\/\"]}]},{\"@type\":\"BreadcrumbList\",\"@id\":\"https:\/\/iguala3.org\/index.php\/videos-de-neurosicologia-y-psicologia\/#breadcrumb\",\"itemListElement\":[{\"@type\":\"ListItem\",\"position\":1,\"name\":\"Portada\",\"item\":\"https:\/\/iguala3.org\/\"},{\"@type\":\"ListItem\",\"position\":2,\"name\":\"V\u00eddeos de Neurosicolog\u00eda y Psicolog\u00eda\"}]},{\"@type\":\"WebSite\",\"@id\":\"https:\/\/iguala3.org\/#website\",\"url\":\"https:\/\/iguala3.org\/\",\"name\":\"Iguala3\",\"description\":\"Asociaci\u00f3n de Familiares, Amigos y Personas con Da\u00f1o Cerebral de Castilla La Mancha\",\"publisher\":{\"@id\":\"https:\/\/iguala3.org\/#organization\"},\"potentialAction\":[{\"@type\":\"SearchAction\",\"target\":{\"@type\":\"EntryPoint\",\"urlTemplate\":\"https:\/\/iguala3.org\/?s={search_term_string}\"},\"query-input\":{\"@type\":\"PropertyValueSpecification\",\"valueRequired\":true,\"valueName\":\"search_term_string\"}}],\"inLanguage\":\"es\"},{\"@type\":\"Organization\",\"@id\":\"https:\/\/iguala3.org\/#organization\",\"name\":\"Asociaci\u00f3n de Familiares, Amigos y Personas con Da\u00f1o Cerebral de Castilla-La Mancha\",\"url\":\"https:\/\/iguala3.org\/\",\"logo\":{\"@type\":\"ImageObject\",\"inLanguage\":\"es\",\"@id\":\"https:\/\/iguala3.org\/#\/schema\/logo\/image\/\",\"url\":\"https:\/\/iguala3.org\/wp-content\/uploads\/2015\/06\/Logo-color-I3-e1433841997489.jpg\",\"contentUrl\":\"https:\/\/iguala3.org\/wp-content\/uploads\/2015\/06\/Logo-color-I3-e1433841997489.jpg\",\"width\":211,\"height\":87,\"caption\":\"Asociaci\u00f3n de Familiares, Amigos y Personas con Da\u00f1o Cerebral de Castilla-La Mancha\"},\"image\":{\"@id\":\"https:\/\/iguala3.org\/#\/schema\/logo\/image\/\"},\"sameAs\":[\"https:\/\/www.facebook.com\/pages\/Iguala3\/820765978014722\",\"https:\/\/x.com\/iguala3_\",\"https:\/\/www.instagram.com\/iguala_3\/\",\"https:\/\/www.youtube.com\/channel\/UCPO794h8wGRurN_87MYN99w\/videos\"]}]}<\/script>\n<!-- \/ Yoast SEO plugin. -->","yoast_head_json":{"title":"V\u00eddeos de Neurosicolog\u00eda y Psicolog\u00eda - Iguala3","robots":{"index":"index","follow":"follow","max-snippet":"max-snippet:-1","max-image-preview":"max-image-preview:large","max-video-preview":"max-video-preview:-1"},"canonical":"https:\/\/iguala3.org\/index.php\/videos-de-neurosicologia-y-psicologia\/","og_locale":"es_ES","og_type":"article","og_title":"V\u00eddeos de Neurosicolog\u00eda y Psicolog\u00eda - Iguala3","og_description":"Los siguientes v\u00eddeos pretenden ser \u00fatiles en el plano de la estimulaci\u00f3n cognitiva. Si hablamos de Rehabilitaci\u00f3n Neurol\u00f3gica, ser\u00eda preciso determinar previamente las necesidades particulares de la persona. Neuropsicolog\u00eda 7: Razonamiento espacial. Neuropsicolog\u00eda 6: Atenci\u00f3n sostenida (CPT-1) Neuropsicolog\u00eda 5: Atenci\u00f3n sostenida (CPT). Neuropsicolog\u00eda 4: Atenci\u00f3n sostenida. Psicolog\u00eda 3: Cuidados para cuidadoras. Psicolog\u00eda 2: Relajaci\u00f3n. Neuropsicolog\u00eda [&hellip;]","og_url":"https:\/\/iguala3.org\/index.php\/videos-de-neurosicologia-y-psicologia\/","og_site_name":"Iguala3","article_publisher":"https:\/\/www.facebook.com\/pages\/Iguala3\/820765978014722","article_modified_time":"2020-10-01T08:58:55+00:00","og_image":[{"width":211,"height":87,"url":"https:\/\/iguala3.org\/wp-content\/uploads\/2015\/06\/Logo-color-I3-e1433841997489.jpg","type":"image\/jpeg"}],"twitter_card":"summary_large_image","twitter_site":"@iguala3_","schema":{"@context":"https:\/\/schema.org","@graph":[{"@type":"WebPage","@id":"https:\/\/iguala3.org\/index.php\/videos-de-neurosicologia-y-psicologia\/","url":"https:\/\/iguala3.org\/index.php\/videos-de-neurosicologia-y-psicologia\/","name":"V\u00eddeos de Neurosicolog\u00eda y Psicolog\u00eda - Iguala3","isPartOf":{"@id":"https:\/\/iguala3.org\/#website"},"datePublished":"2020-04-19T21:37:54+00:00","dateModified":"2020-10-01T08:58:55+00:00","breadcrumb":{"@id":"https:\/\/iguala3.org\/index.php\/videos-de-neurosicologia-y-psicologia\/#breadcrumb"},"inLanguage":"es","potentialAction":[{"@type":"ReadAction","target":["https:\/\/iguala3.org\/index.php\/videos-de-neurosicologia-y-psicologia\/"]}]},{"@type":"BreadcrumbList","@id":"https:\/\/iguala3.org\/index.php\/videos-de-neurosicologia-y-psicologia\/#breadcrumb","itemListElement":[{"@type":"ListItem","position":1,"name":"Portada","item":"https:\/\/iguala3.org\/"},{"@type":"ListItem","position":2,"name":"V\u00eddeos de Neurosicolog\u00eda y Psicolog\u00eda"}]},{"@type":"WebSite","@id":"https:\/\/iguala3.org\/#website","url":"https:\/\/iguala3.org\/","name":"Iguala3","description":"Asociaci\u00f3n de Familiares, Amigos y Personas con Da\u00f1o Cerebral de Castilla La Mancha","publisher":{"@id":"https:\/\/iguala3.org\/#organization"},"potentialAction":[{"@type":"SearchAction","target":{"@type":"EntryPoint","urlTemplate":"https:\/\/iguala3.org\/?s={search_term_string}"},"query-input":{"@type":"PropertyValueSpecification","valueRequired":true,"valueName":"search_term_string"}}],"inLanguage":"es"},{"@type":"Organization","@id":"https:\/\/iguala3.org\/#organization","name":"Asociaci\u00f3n de Familiares, Amigos y Personas con Da\u00f1o Cerebral de Castilla-La Mancha","url":"https:\/\/iguala3.org\/","logo":{"@type":"ImageObject","inLanguage":"es","@id":"https:\/\/iguala3.org\/#\/schema\/logo\/image\/","url":"https:\/\/iguala3.org\/wp-content\/uploads\/2015\/06\/Logo-color-I3-e1433841997489.jpg","contentUrl":"https:\/\/iguala3.org\/wp-content\/uploads\/2015\/06\/Logo-color-I3-e1433841997489.jpg","width":211,"height":87,"caption":"Asociaci\u00f3n de Familiares, Amigos y Personas con Da\u00f1o Cerebral de Castilla-La Mancha"},"image":{"@id":"https:\/\/iguala3.org\/#\/schema\/logo\/image\/"},"sameAs":["https:\/\/www.facebook.com\/pages\/Iguala3\/820765978014722","https:\/\/x.com\/iguala3_","https:\/\/www.instagram.com\/iguala_3\/","https:\/\/www.youtube.com\/channel\/UCPO794h8wGRurN_87MYN99w\/videos"]}]}},"_links":{"self":[{"href":"https:\/\/iguala3.org\/index.php\/wp-json\/wp\/v2\/pages\/1448","targetHints":{"allow":["GET"]}}],"collection":[{"href":"https:\/\/iguala3.org\/index.php\/wp-json\/wp\/v2\/pages"}],"about":[{"href":"https:\/\/iguala3.org\/index.php\/wp-json\/wp\/v2\/types\/page"}],"author":[{"embeddable":true,"href":"https:\/\/iguala3.org\/index.php\/wp-json\/wp\/v2\/users\/1"}],"replies":[{"embeddable":true,"href":"https:\/\/iguala3.org\/index.php\/wp-json\/wp\/v2\/comments?post=1448"}],"version-history":[{"count":8,"href":"https:\/\/iguala3.org\/index.php\/wp-json\/wp\/v2\/pages\/1448\/revisions"}],"predecessor-version":[{"id":1688,"href":"https:\/\/iguala3.org\/index.php\/wp-json\/wp\/v2\/pages\/1448\/revisions\/1688"}],"wp:attachment":[{"href":"https:\/\/iguala3.org\/index.php\/wp-json\/wp\/v2\/media?parent=1448"}],"curies":[{"name":"wp","href":"https:\/\/api.w.org\/{rel}","templated":true}]}}