{"id":1870,"date":"2021-01-13T11:22:43","date_gmt":"2021-01-13T10:22:43","guid":{"rendered":"http:\/\/iguala3.org\/?page_id=1870"},"modified":"2024-08-27T11:16:42","modified_gmt":"2024-08-27T10:16:42","slug":"colabora","status":"publish","type":"page","link":"https:\/\/iguala3.org\/index.php\/colabora\/","title":{"rendered":"Colabora"},"content":{"rendered":"\n<p>Gracias a las m\u00e1s de 20 personas<strong> asociadas como colaboradoras<\/strong>, que abonan una cuota de 120 \u20ac al a\u00f1o sin necesidad de recibir nuestras atenciones, podemos llegar m\u00e1s lejos en todos nuestros proyectos regionales.<\/p>\n\n\n\n<p>Si quieres formar parte de este proyecto como <strong>socio colaborador<\/strong>, rellena la siguiente <strong><a href=\"http:\/\/iguala3.org\/wp-content\/uploads\/2024\/08\/1.-Ficha-colaboradores-24.pdf\" target=\"_blank\" rel=\"noreferrer noopener\">SOLICITUD DE INSCRIPCI\u00d3N<\/a> <\/strong>y nos la remites a:<\/p>\n\n\n\n<ul class=\"wp-block-list\">\n<li>correo electr\u00f3nico: iguala3@iguala3.org<\/li>\n\n\n\n<li>o a la direcci\u00f3n ordinaria: P.\u00ba R\u00edo Guadiela, 25, 45007 Toledo<\/li>\n<\/ul>\n\n\n\n<p>Tambi\u00e9n puedes colaborar a trav\u00e9s de donaciones puntuales, para lo cual te facilitamos dos n\u00fameros de cuenta:<\/p>\n\n\n\n<ul class=\"wp-block-list\">\n<li><strong>ES55 \/ 3081 \/ 0101 \/ 24 \/ 2685310415 &#8211; CAJA RURAL DE CLM<\/strong><\/li>\n\n\n\n<li><strong>ES82 \/ 2100 \/3876 \/ 91 \/ 0200396745 &#8211; LA CAIXA<\/strong><\/li>\n<\/ul>\n\n\n\n<p>Para lo que te podamos ayudar, no dudes en contactar con nosotros. <em><strong>\u00a1Cuando nos unimos hacemos grandes cosas!<\/strong><\/em><\/p>\n\n\n\n<p>S\u00f3lo nos queda decir,<strong> \u00a1GRACIAS!<\/strong><\/p>\n","protected":false},"excerpt":{"rendered":"<p>Gracias a las m\u00e1s de 20 personas asociadas como colaboradoras, que abonan una cuota de 120 \u20ac al a\u00f1o sin necesidad de recibir nuestras atenciones, podemos llegar m\u00e1s lejos en todos nuestros proyectos regionales. Si quieres formar parte de este proyecto como socio colaborador, rellena la siguiente SOLICITUD DE INSCRIPCI\u00d3N y nos la remites a: [&hellip;]<\/p>\n","protected":false},"author":1,"featured_media":0,"parent":0,"menu_order":0,"comment_status":"closed","ping_status":"closed","template":"","meta":{"_bbp_topic_count":0,"_bbp_reply_count":0,"_bbp_total_topic_count":0,"_bbp_total_reply_count":0,"_bbp_voice_count":0,"_bbp_anonymous_reply_count":0,"_bbp_topic_count_hidden":0,"_bbp_reply_count_hidden":0,"_bbp_forum_subforum_count":0,"_monsterinsights_skip_tracking":false,"_monsterinsights_sitenote_active":false,"_monsterinsights_sitenote_note":"","_monsterinsights_sitenote_category":0,"footnotes":""},"class_list":["post-1870","page","type-page","status-publish","czr-hentry"],"yoast_head":"<!-- This site is optimized with the Yoast SEO plugin v27.2 - https:\/\/yoast.com\/product\/yoast-seo-wordpress\/ -->\n<title>Colabora - Iguala3<\/title>\n<meta name=\"robots\" content=\"index, follow, max-snippet:-1, max-image-preview:large, max-video-preview:-1\" \/>\n<link rel=\"canonical\" href=\"https:\/\/iguala3.org\/index.php\/colabora\/\" \/>\n<meta property=\"og:locale\" content=\"es_ES\" \/>\n<meta property=\"og:type\" content=\"article\" \/>\n<meta property=\"og:title\" content=\"Colabora - Iguala3\" \/>\n<meta property=\"og:description\" content=\"Gracias a las m\u00e1s de 20 personas asociadas como colaboradoras, que abonan una cuota de 120 \u20ac al a\u00f1o sin necesidad de recibir nuestras atenciones, podemos llegar m\u00e1s lejos en todos nuestros proyectos regionales. Si quieres formar parte de este proyecto como socio colaborador, rellena la siguiente SOLICITUD DE INSCRIPCI\u00d3N y nos la remites a: [&hellip;]\" \/>\n<meta property=\"og:url\" content=\"https:\/\/iguala3.org\/index.php\/colabora\/\" \/>\n<meta property=\"og:site_name\" content=\"Iguala3\" \/>\n<meta property=\"article:publisher\" content=\"https:\/\/www.facebook.com\/pages\/Iguala3\/820765978014722\" \/>\n<meta property=\"article:modified_time\" content=\"2024-08-27T10:16:42+00:00\" \/>\n<meta property=\"og:image\" content=\"https:\/\/iguala3.org\/wp-content\/uploads\/2015\/06\/Logo-color-I3-e1433841997489.jpg\" \/>\n\t<meta property=\"og:image:width\" content=\"211\" \/>\n\t<meta property=\"og:image:height\" content=\"87\" \/>\n\t<meta property=\"og:image:type\" content=\"image\/jpeg\" \/>\n<meta name=\"twitter:card\" content=\"summary_large_image\" \/>\n<meta name=\"twitter:site\" content=\"@iguala3_\" \/>\n<meta name=\"twitter:label1\" content=\"Tiempo de lectura\" \/>\n\t<meta name=\"twitter:data1\" content=\"1 minuto\" \/>\n<script type=\"application\/ld+json\" class=\"yoast-schema-graph\">{\"@context\":\"https:\/\/schema.org\",\"@graph\":[{\"@type\":\"WebPage\",\"@id\":\"https:\/\/iguala3.org\/index.php\/colabora\/\",\"url\":\"https:\/\/iguala3.org\/index.php\/colabora\/\",\"name\":\"Colabora - Iguala3\",\"isPartOf\":{\"@id\":\"https:\/\/iguala3.org\/#website\"},\"datePublished\":\"2021-01-13T10:22:43+00:00\",\"dateModified\":\"2024-08-27T10:16:42+00:00\",\"breadcrumb\":{\"@id\":\"https:\/\/iguala3.org\/index.php\/colabora\/#breadcrumb\"},\"inLanguage\":\"es\",\"potentialAction\":[{\"@type\":\"ReadAction\",\"target\":[\"https:\/\/iguala3.org\/index.php\/colabora\/\"]}]},{\"@type\":\"BreadcrumbList\",\"@id\":\"https:\/\/iguala3.org\/index.php\/colabora\/#breadcrumb\",\"itemListElement\":[{\"@type\":\"ListItem\",\"position\":1,\"name\":\"Portada\",\"item\":\"https:\/\/iguala3.org\/\"},{\"@type\":\"ListItem\",\"position\":2,\"name\":\"Colabora\"}]},{\"@type\":\"WebSite\",\"@id\":\"https:\/\/iguala3.org\/#website\",\"url\":\"https:\/\/iguala3.org\/\",\"name\":\"Iguala3\",\"description\":\"Asociaci\u00f3n de Familiares, Amigos y Personas con Da\u00f1o Cerebral de Castilla La Mancha\",\"publisher\":{\"@id\":\"https:\/\/iguala3.org\/#organization\"},\"potentialAction\":[{\"@type\":\"SearchAction\",\"target\":{\"@type\":\"EntryPoint\",\"urlTemplate\":\"https:\/\/iguala3.org\/?s={search_term_string}\"},\"query-input\":{\"@type\":\"PropertyValueSpecification\",\"valueRequired\":true,\"valueName\":\"search_term_string\"}}],\"inLanguage\":\"es\"},{\"@type\":\"Organization\",\"@id\":\"https:\/\/iguala3.org\/#organization\",\"name\":\"Asociaci\u00f3n de Familiares, Amigos y Personas con Da\u00f1o Cerebral de Castilla-La Mancha\",\"url\":\"https:\/\/iguala3.org\/\",\"logo\":{\"@type\":\"ImageObject\",\"inLanguage\":\"es\",\"@id\":\"https:\/\/iguala3.org\/#\/schema\/logo\/image\/\",\"url\":\"https:\/\/iguala3.org\/wp-content\/uploads\/2015\/06\/Logo-color-I3-e1433841997489.jpg\",\"contentUrl\":\"https:\/\/iguala3.org\/wp-content\/uploads\/2015\/06\/Logo-color-I3-e1433841997489.jpg\",\"width\":211,\"height\":87,\"caption\":\"Asociaci\u00f3n de Familiares, Amigos y Personas con Da\u00f1o Cerebral de Castilla-La Mancha\"},\"image\":{\"@id\":\"https:\/\/iguala3.org\/#\/schema\/logo\/image\/\"},\"sameAs\":[\"https:\/\/www.facebook.com\/pages\/Iguala3\/820765978014722\",\"https:\/\/x.com\/iguala3_\",\"https:\/\/www.instagram.com\/iguala_3\/\",\"https:\/\/www.youtube.com\/channel\/UCPO794h8wGRurN_87MYN99w\/videos\"]}]}<\/script>\n<!-- \/ Yoast SEO plugin. -->","yoast_head_json":{"title":"Colabora - Iguala3","robots":{"index":"index","follow":"follow","max-snippet":"max-snippet:-1","max-image-preview":"max-image-preview:large","max-video-preview":"max-video-preview:-1"},"canonical":"https:\/\/iguala3.org\/index.php\/colabora\/","og_locale":"es_ES","og_type":"article","og_title":"Colabora - Iguala3","og_description":"Gracias a las m\u00e1s de 20 personas asociadas como colaboradoras, que abonan una cuota de 120 \u20ac al a\u00f1o sin necesidad de recibir nuestras atenciones, podemos llegar m\u00e1s lejos en todos nuestros proyectos regionales. Si quieres formar parte de este proyecto como socio colaborador, rellena la siguiente SOLICITUD DE INSCRIPCI\u00d3N y nos la remites a: [&hellip;]","og_url":"https:\/\/iguala3.org\/index.php\/colabora\/","og_site_name":"Iguala3","article_publisher":"https:\/\/www.facebook.com\/pages\/Iguala3\/820765978014722","article_modified_time":"2024-08-27T10:16:42+00:00","og_image":[{"width":211,"height":87,"url":"https:\/\/iguala3.org\/wp-content\/uploads\/2015\/06\/Logo-color-I3-e1433841997489.jpg","type":"image\/jpeg"}],"twitter_card":"summary_large_image","twitter_site":"@iguala3_","twitter_misc":{"Tiempo de lectura":"1 minuto"},"schema":{"@context":"https:\/\/schema.org","@graph":[{"@type":"WebPage","@id":"https:\/\/iguala3.org\/index.php\/colabora\/","url":"https:\/\/iguala3.org\/index.php\/colabora\/","name":"Colabora - Iguala3","isPartOf":{"@id":"https:\/\/iguala3.org\/#website"},"datePublished":"2021-01-13T10:22:43+00:00","dateModified":"2024-08-27T10:16:42+00:00","breadcrumb":{"@id":"https:\/\/iguala3.org\/index.php\/colabora\/#breadcrumb"},"inLanguage":"es","potentialAction":[{"@type":"ReadAction","target":["https:\/\/iguala3.org\/index.php\/colabora\/"]}]},{"@type":"BreadcrumbList","@id":"https:\/\/iguala3.org\/index.php\/colabora\/#breadcrumb","itemListElement":[{"@type":"ListItem","position":1,"name":"Portada","item":"https:\/\/iguala3.org\/"},{"@type":"ListItem","position":2,"name":"Colabora"}]},{"@type":"WebSite","@id":"https:\/\/iguala3.org\/#website","url":"https:\/\/iguala3.org\/","name":"Iguala3","description":"Asociaci\u00f3n de Familiares, Amigos y Personas con Da\u00f1o Cerebral de Castilla La Mancha","publisher":{"@id":"https:\/\/iguala3.org\/#organization"},"potentialAction":[{"@type":"SearchAction","target":{"@type":"EntryPoint","urlTemplate":"https:\/\/iguala3.org\/?s={search_term_string}"},"query-input":{"@type":"PropertyValueSpecification","valueRequired":true,"valueName":"search_term_string"}}],"inLanguage":"es"},{"@type":"Organization","@id":"https:\/\/iguala3.org\/#organization","name":"Asociaci\u00f3n de Familiares, Amigos y Personas con Da\u00f1o Cerebral de Castilla-La Mancha","url":"https:\/\/iguala3.org\/","logo":{"@type":"ImageObject","inLanguage":"es","@id":"https:\/\/iguala3.org\/#\/schema\/logo\/image\/","url":"https:\/\/iguala3.org\/wp-content\/uploads\/2015\/06\/Logo-color-I3-e1433841997489.jpg","contentUrl":"https:\/\/iguala3.org\/wp-content\/uploads\/2015\/06\/Logo-color-I3-e1433841997489.jpg","width":211,"height":87,"caption":"Asociaci\u00f3n de Familiares, Amigos y Personas con Da\u00f1o Cerebral de Castilla-La Mancha"},"image":{"@id":"https:\/\/iguala3.org\/#\/schema\/logo\/image\/"},"sameAs":["https:\/\/www.facebook.com\/pages\/Iguala3\/820765978014722","https:\/\/x.com\/iguala3_","https:\/\/www.instagram.com\/iguala_3\/","https:\/\/www.youtube.com\/channel\/UCPO794h8wGRurN_87MYN99w\/videos"]}]}},"_links":{"self":[{"href":"https:\/\/iguala3.org\/index.php\/wp-json\/wp\/v2\/pages\/1870","targetHints":{"allow":["GET"]}}],"collection":[{"href":"https:\/\/iguala3.org\/index.php\/wp-json\/wp\/v2\/pages"}],"about":[{"href":"https:\/\/iguala3.org\/index.php\/wp-json\/wp\/v2\/types\/page"}],"author":[{"embeddable":true,"href":"https:\/\/iguala3.org\/index.php\/wp-json\/wp\/v2\/users\/1"}],"replies":[{"embeddable":true,"href":"https:\/\/iguala3.org\/index.php\/wp-json\/wp\/v2\/comments?post=1870"}],"version-history":[{"count":7,"href":"https:\/\/iguala3.org\/index.php\/wp-json\/wp\/v2\/pages\/1870\/revisions"}],"predecessor-version":[{"id":2474,"href":"https:\/\/iguala3.org\/index.php\/wp-json\/wp\/v2\/pages\/1870\/revisions\/2474"}],"wp:attachment":[{"href":"https:\/\/iguala3.org\/index.php\/wp-json\/wp\/v2\/media?parent=1870"}],"curies":[{"name":"wp","href":"https:\/\/api.w.org\/{rel}","templated":true}]}}