{"id":2082,"date":"2022-02-18T08:19:14","date_gmt":"2022-02-18T07:19:14","guid":{"rendered":"http:\/\/iguala3.org\/?page_id=2082"},"modified":"2024-04-12T12:09:01","modified_gmt":"2024-04-12T11:09:01","slug":"fichas-de-estimulacion-2022","status":"publish","type":"page","link":"https:\/\/iguala3.org\/index.php\/fichas-de-estimulacion-2022\/","title":{"rendered":"Fichas de Estimulaci\u00f3n 2023"},"content":{"rendered":"\n<p>Nuestros profesionales tienen formaci\u00f3n espec\u00edfica en Da\u00f1o Cerebral Sobrevenido, y d\u00eda a d\u00eda acumulan nueva experiencia en el trabajo directo con personas que lo han sufrido.  Por eso cuando dise\u00f1an las fichas de estimulaci\u00f3n cognitiva, lo hacen con criterios s\u00f3lidos.  <\/p>\n\n\n\n<p>Tambi\u00e9n est\u00e1n disponibles las fichas de otros a\u00f1os: <a href=\"http:\/\/iguala3.org\/index.php\/fichas-de-estimulacion-2019\/\">2019<\/a>, <a href=\"https:\/\/iguala3.org\/index.php\/fichas-de-estimulacion-2020\/\">2020<\/a>, <a href=\"https:\/\/iguala3.org\/index.php\/fichas-de-estimulacion-2021\/\">2021<\/a> y <a href=\"https:\/\/iguala3.org\/index.php\/fichas-de-estimulacion-2023\/\">2022<\/a><\/p>\n\n\n\n<div class=\"wp-block-columns has-3-columns is-layout-flex wp-container-core-columns-is-layout-9d6595d7 wp-block-columns-is-layout-flex\">\n<div class=\"wp-block-column is-layout-flow wp-block-column-is-layout-flow\"><\/div>\n\n\n\n<div class=\"wp-block-column is-layout-flow wp-block-column-is-layout-flow\"><\/div>\n<\/div>\n\n\n\n<p><a href=\"http:\/\/iguala3.org\/wp-content\/uploads\/2023\/07\/Estimulacion-I3-22-MGA.pdf\" target=\"_blank\" rel=\"noreferrer noopener\">Estimulaci\u00f3n I3 22 2023<\/a><\/p>\n\n\n\n<p><a href=\"http:\/\/iguala3.org\/wp-content\/uploads\/2023\/07\/Estimulacion-I3-21-SPM.pdf\" target=\"_blank\" rel=\"noreferrer noopener\">Estimulaci\u00f3n I3 21 2023<\/a><\/p>\n\n\n\n<p><a rel=\"noreferrer noopener\" href=\"http:\/\/iguala3.org\/wp-content\/uploads\/2023\/07\/Estimulacion-I3-20-SPM.pdf\" target=\"_blank\">Estimulaci\u00f3n I3 20 2023<\/a><\/p>\n\n\n\n<p><a href=\"http:\/\/iguala3.org\/wp-content\/uploads\/2023\/07\/Estimulacion-I3-19-SPM-1.pdf\" target=\"_blank\" rel=\"noreferrer noopener\">Estimulaci\u00f3n I3 19 2023<\/a><\/p>\n\n\n\n<p><a rel=\"noreferrer noopener\" href=\"http:\/\/iguala3.org\/wp-content\/uploads\/2023\/06\/Estimulacion-I3-18-CPH-2.pdf\" target=\"_blank\">Estimulaci\u00f3n I3 18 2023<\/a><\/p>\n\n\n\n<p><a href=\"http:\/\/iguala3.org\/wp-content\/uploads\/2023\/06\/Estimulacion-I3-17-CPH-1.pdf\" target=\"_blank\" rel=\"noreferrer noopener\">Estimulaci\u00f3n I3 17 2023<\/a><\/p>\n\n\n\n<p><a rel=\"noreferrer noopener\" href=\"http:\/\/iguala3.org\/wp-content\/uploads\/2023\/06\/Estimulacion-I3-16-CPH2.pdf\" target=\"_blank\">Estimulaci\u00f3n I3 16 2023<\/a><\/p>\n\n\n\n<p><a href=\"http:\/\/iguala3.org\/wp-content\/uploads\/2023\/06\/Estimulacion-I3-15-CPH2.pdf\" target=\"_blank\" rel=\"noreferrer noopener\">Estimulaci\u00f3n I3 15 2023<\/a><\/p>\n\n\n\n<p><a rel=\"noreferrer noopener\" href=\"http:\/\/iguala3.org\/wp-content\/uploads\/2023\/05\/Estimulacion-I3-14-CPH.pdf\" target=\"_blank\">Estimulaci\u00f3n I3 14 2023<\/a><\/p>\n\n\n\n<p><a href=\"http:\/\/iguala3.org\/wp-content\/uploads\/2023\/05\/Estimulacion-I3-13-CPH.pdf\" target=\"_blank\" rel=\"noreferrer noopener\">Estimulaci\u00f3n I3 13 2023<\/a><\/p>\n\n\n\n<p><a rel=\"noreferrer noopener\" href=\"http:\/\/iguala3.org\/wp-content\/uploads\/2023\/05\/Estimulacion-I3-12-CPH.pdf\" target=\"_blank\">Estimulaci\u00f3n I3 12 2023<\/a><\/p>\n\n\n\n<p><a href=\"http:\/\/iguala3.org\/wp-content\/uploads\/2023\/05\/Estimulacion-I3-11-CPH.pdf\" target=\"_blank\" rel=\"noreferrer noopener\">Estimulaci\u00f3n I3 11 2023<\/a><\/p>\n\n\n\n<p><a rel=\"noreferrer noopener\" href=\"http:\/\/iguala3.org\/wp-content\/uploads\/2023\/04\/Estimulacion-I3-10-MGA-y-CPH.pdf\" target=\"_blank\">Estimulaci\u00f3n I3 10 2023<\/a><\/p>\n\n\n\n<p><a href=\"http:\/\/iguala3.org\/wp-content\/uploads\/2023\/04\/Estimulacion-I3-9-MGA-y-CPH.pdf\" target=\"_blank\" rel=\"noreferrer noopener\">Estimulaci\u00f3n I3 9 2023<\/a><\/p>\n\n\n\n<p><a rel=\"noreferrer noopener\" href=\"http:\/\/iguala3.org\/wp-content\/uploads\/2023\/04\/Estimulacion-I3-8-SPM.pdf\" target=\"_blank\">Estimulaci\u00f3n I3 8 2023<\/a><\/p>\n\n\n\n<p><a href=\"http:\/\/iguala3.org\/wp-content\/uploads\/2023\/04\/Estimulacion-I3-7-MGA-y-DSM.pdf\" target=\"_blank\" rel=\"noreferrer noopener\">Estimulaci\u00f3n I3 7 2023<\/a><a rel=\"noreferrer noopener\" href=\"http:\/\/iguala3.org\/wp-content\/uploads\/2023\/01\/Estimulacion-I3-2-2023-ABL.pdf\" target=\"_blank\"><\/a><a rel=\"noreferrer noopener\" href=\"http:\/\/iguala3.org\/wp-content\/uploads\/2023\/02\/Estimulacion-I3-4-2023-MGA.pdf\" target=\"_blank\"><\/a><\/p>\n\n\n\n<p><a rel=\"noreferrer noopener\" href=\"http:\/\/iguala3.org\/wp-content\/uploads\/2023\/03\/Estimulacion-I3-6-2023-ABL.pdf\" target=\"_blank\">Estimulaci\u00f3n I3 6 2023<\/a><\/p>\n\n\n\n<p><a href=\"http:\/\/iguala3.org\/wp-content\/uploads\/2023\/03\/Estimulacion-I3-5-2023-ABL.pdf\" target=\"_blank\" rel=\"noreferrer noopener\">Estimulaci\u00f3n I3 5 2023<\/a><\/p>\n\n\n\n<p><a rel=\"noreferrer noopener\" href=\"http:\/\/iguala3.org\/wp-content\/uploads\/2023\/02\/Estimulacion-I3-4-2023-MGA.pdf\" target=\"_blank\">Estimulaci\u00f3n I3 4 2023<\/a><\/p>\n\n\n\n<p><a href=\"http:\/\/iguala3.org\/wp-content\/uploads\/2023\/02\/Estimulacion-I3-3-2023-MGA.pdf\" target=\"_blank\" rel=\"noreferrer noopener\">Estimulaci\u00f3n I3 3 2023<\/a><\/p>\n\n\n\n<p><a rel=\"noreferrer noopener\" href=\"http:\/\/iguala3.org\/wp-content\/uploads\/2023\/01\/Estimulacion-I3-2-2023-ABL.pdf\" target=\"_blank\">Estimulaci\u00f3n I3 2 2023<\/a><\/p>\n\n\n\n<p><a href=\"http:\/\/iguala3.org\/wp-content\/uploads\/2023\/01\/Estimulacion-I3-1-2023-ABL.pdf\" target=\"_blank\" rel=\"noreferrer noopener\">Estimulaci\u00f3n I3 1 2023<\/a><\/p>\n","protected":false},"excerpt":{"rendered":"<p>Nuestros profesionales tienen formaci\u00f3n espec\u00edfica en Da\u00f1o Cerebral Sobrevenido, y d\u00eda a d\u00eda acumulan nueva experiencia en el trabajo directo con personas que lo han sufrido. Por eso cuando dise\u00f1an las fichas de estimulaci\u00f3n cognitiva, lo hacen con criterios s\u00f3lidos. Tambi\u00e9n est\u00e1n disponibles las fichas de otros a\u00f1os: 2019, 2020, 2021 y 2022 Estimulaci\u00f3n I3 [&hellip;]<\/p>\n","protected":false},"author":1,"featured_media":0,"parent":0,"menu_order":0,"comment_status":"closed","ping_status":"closed","template":"","meta":{"_bbp_topic_count":0,"_bbp_reply_count":0,"_bbp_total_topic_count":0,"_bbp_total_reply_count":0,"_bbp_voice_count":0,"_bbp_anonymous_reply_count":0,"_bbp_topic_count_hidden":0,"_bbp_reply_count_hidden":0,"_bbp_forum_subforum_count":0,"_monsterinsights_skip_tracking":false,"_monsterinsights_sitenote_active":false,"_monsterinsights_sitenote_note":"","_monsterinsights_sitenote_category":0,"footnotes":""},"class_list":["post-2082","page","type-page","status-publish","czr-hentry"],"yoast_head":"<!-- This site is optimized with the Yoast SEO plugin v27.2 - https:\/\/yoast.com\/product\/yoast-seo-wordpress\/ -->\n<title>Fichas de Estimulaci\u00f3n 2023 - Iguala3<\/title>\n<meta name=\"robots\" content=\"index, follow, max-snippet:-1, max-image-preview:large, max-video-preview:-1\" \/>\n<link rel=\"canonical\" href=\"https:\/\/iguala3.org\/index.php\/fichas-de-estimulacion-2022\/\" \/>\n<meta property=\"og:locale\" content=\"es_ES\" \/>\n<meta property=\"og:type\" content=\"article\" \/>\n<meta property=\"og:title\" content=\"Fichas de Estimulaci\u00f3n 2023 - Iguala3\" \/>\n<meta property=\"og:description\" content=\"Nuestros profesionales tienen formaci\u00f3n espec\u00edfica en Da\u00f1o Cerebral Sobrevenido, y d\u00eda a d\u00eda acumulan nueva experiencia en el trabajo directo con personas que lo han sufrido. Por eso cuando dise\u00f1an las fichas de estimulaci\u00f3n cognitiva, lo hacen con criterios s\u00f3lidos. Tambi\u00e9n est\u00e1n disponibles las fichas de otros a\u00f1os: 2019, 2020, 2021 y 2022 Estimulaci\u00f3n I3 [&hellip;]\" \/>\n<meta property=\"og:url\" content=\"https:\/\/iguala3.org\/index.php\/fichas-de-estimulacion-2022\/\" \/>\n<meta property=\"og:site_name\" content=\"Iguala3\" \/>\n<meta property=\"article:publisher\" content=\"https:\/\/www.facebook.com\/pages\/Iguala3\/820765978014722\" \/>\n<meta property=\"article:modified_time\" content=\"2024-04-12T11:09:01+00:00\" \/>\n<meta property=\"og:image\" content=\"https:\/\/iguala3.org\/wp-content\/uploads\/2015\/06\/Logo-color-I3-e1433841997489.jpg\" \/>\n\t<meta property=\"og:image:width\" content=\"211\" \/>\n\t<meta property=\"og:image:height\" content=\"87\" \/>\n\t<meta property=\"og:image:type\" content=\"image\/jpeg\" \/>\n<meta name=\"twitter:card\" content=\"summary_large_image\" \/>\n<meta name=\"twitter:site\" content=\"@iguala3_\" \/>\n<meta name=\"twitter:label1\" content=\"Tiempo de lectura\" \/>\n\t<meta name=\"twitter:data1\" content=\"1 minuto\" \/>\n<script type=\"application\/ld+json\" class=\"yoast-schema-graph\">{\"@context\":\"https:\/\/schema.org\",\"@graph\":[{\"@type\":\"WebPage\",\"@id\":\"https:\/\/iguala3.org\/index.php\/fichas-de-estimulacion-2022\/\",\"url\":\"https:\/\/iguala3.org\/index.php\/fichas-de-estimulacion-2022\/\",\"name\":\"Fichas de Estimulaci\u00f3n 2023 - Iguala3\",\"isPartOf\":{\"@id\":\"https:\/\/iguala3.org\/#website\"},\"datePublished\":\"2022-02-18T07:19:14+00:00\",\"dateModified\":\"2024-04-12T11:09:01+00:00\",\"breadcrumb\":{\"@id\":\"https:\/\/iguala3.org\/index.php\/fichas-de-estimulacion-2022\/#breadcrumb\"},\"inLanguage\":\"es\",\"potentialAction\":[{\"@type\":\"ReadAction\",\"target\":[\"https:\/\/iguala3.org\/index.php\/fichas-de-estimulacion-2022\/\"]}]},{\"@type\":\"BreadcrumbList\",\"@id\":\"https:\/\/iguala3.org\/index.php\/fichas-de-estimulacion-2022\/#breadcrumb\",\"itemListElement\":[{\"@type\":\"ListItem\",\"position\":1,\"name\":\"Portada\",\"item\":\"https:\/\/iguala3.org\/\"},{\"@type\":\"ListItem\",\"position\":2,\"name\":\"Fichas de Estimulaci\u00f3n 2023\"}]},{\"@type\":\"WebSite\",\"@id\":\"https:\/\/iguala3.org\/#website\",\"url\":\"https:\/\/iguala3.org\/\",\"name\":\"Iguala3\",\"description\":\"Asociaci\u00f3n de Familiares, Amigos y Personas con Da\u00f1o Cerebral de Castilla La Mancha\",\"publisher\":{\"@id\":\"https:\/\/iguala3.org\/#organization\"},\"potentialAction\":[{\"@type\":\"SearchAction\",\"target\":{\"@type\":\"EntryPoint\",\"urlTemplate\":\"https:\/\/iguala3.org\/?s={search_term_string}\"},\"query-input\":{\"@type\":\"PropertyValueSpecification\",\"valueRequired\":true,\"valueName\":\"search_term_string\"}}],\"inLanguage\":\"es\"},{\"@type\":\"Organization\",\"@id\":\"https:\/\/iguala3.org\/#organization\",\"name\":\"Asociaci\u00f3n de Familiares, Amigos y Personas con Da\u00f1o Cerebral de Castilla-La Mancha\",\"url\":\"https:\/\/iguala3.org\/\",\"logo\":{\"@type\":\"ImageObject\",\"inLanguage\":\"es\",\"@id\":\"https:\/\/iguala3.org\/#\/schema\/logo\/image\/\",\"url\":\"https:\/\/iguala3.org\/wp-content\/uploads\/2015\/06\/Logo-color-I3-e1433841997489.jpg\",\"contentUrl\":\"https:\/\/iguala3.org\/wp-content\/uploads\/2015\/06\/Logo-color-I3-e1433841997489.jpg\",\"width\":211,\"height\":87,\"caption\":\"Asociaci\u00f3n de Familiares, Amigos y Personas con Da\u00f1o Cerebral de Castilla-La Mancha\"},\"image\":{\"@id\":\"https:\/\/iguala3.org\/#\/schema\/logo\/image\/\"},\"sameAs\":[\"https:\/\/www.facebook.com\/pages\/Iguala3\/820765978014722\",\"https:\/\/x.com\/iguala3_\",\"https:\/\/www.instagram.com\/iguala_3\/\",\"https:\/\/www.youtube.com\/channel\/UCPO794h8wGRurN_87MYN99w\/videos\"]}]}<\/script>\n<!-- \/ Yoast SEO plugin. -->","yoast_head_json":{"title":"Fichas de Estimulaci\u00f3n 2023 - Iguala3","robots":{"index":"index","follow":"follow","max-snippet":"max-snippet:-1","max-image-preview":"max-image-preview:large","max-video-preview":"max-video-preview:-1"},"canonical":"https:\/\/iguala3.org\/index.php\/fichas-de-estimulacion-2022\/","og_locale":"es_ES","og_type":"article","og_title":"Fichas de Estimulaci\u00f3n 2023 - Iguala3","og_description":"Nuestros profesionales tienen formaci\u00f3n espec\u00edfica en Da\u00f1o Cerebral Sobrevenido, y d\u00eda a d\u00eda acumulan nueva experiencia en el trabajo directo con personas que lo han sufrido. Por eso cuando dise\u00f1an las fichas de estimulaci\u00f3n cognitiva, lo hacen con criterios s\u00f3lidos. Tambi\u00e9n est\u00e1n disponibles las fichas de otros a\u00f1os: 2019, 2020, 2021 y 2022 Estimulaci\u00f3n I3 [&hellip;]","og_url":"https:\/\/iguala3.org\/index.php\/fichas-de-estimulacion-2022\/","og_site_name":"Iguala3","article_publisher":"https:\/\/www.facebook.com\/pages\/Iguala3\/820765978014722","article_modified_time":"2024-04-12T11:09:01+00:00","og_image":[{"width":211,"height":87,"url":"https:\/\/iguala3.org\/wp-content\/uploads\/2015\/06\/Logo-color-I3-e1433841997489.jpg","type":"image\/jpeg"}],"twitter_card":"summary_large_image","twitter_site":"@iguala3_","twitter_misc":{"Tiempo de lectura":"1 minuto"},"schema":{"@context":"https:\/\/schema.org","@graph":[{"@type":"WebPage","@id":"https:\/\/iguala3.org\/index.php\/fichas-de-estimulacion-2022\/","url":"https:\/\/iguala3.org\/index.php\/fichas-de-estimulacion-2022\/","name":"Fichas de Estimulaci\u00f3n 2023 - Iguala3","isPartOf":{"@id":"https:\/\/iguala3.org\/#website"},"datePublished":"2022-02-18T07:19:14+00:00","dateModified":"2024-04-12T11:09:01+00:00","breadcrumb":{"@id":"https:\/\/iguala3.org\/index.php\/fichas-de-estimulacion-2022\/#breadcrumb"},"inLanguage":"es","potentialAction":[{"@type":"ReadAction","target":["https:\/\/iguala3.org\/index.php\/fichas-de-estimulacion-2022\/"]}]},{"@type":"BreadcrumbList","@id":"https:\/\/iguala3.org\/index.php\/fichas-de-estimulacion-2022\/#breadcrumb","itemListElement":[{"@type":"ListItem","position":1,"name":"Portada","item":"https:\/\/iguala3.org\/"},{"@type":"ListItem","position":2,"name":"Fichas de Estimulaci\u00f3n 2023"}]},{"@type":"WebSite","@id":"https:\/\/iguala3.org\/#website","url":"https:\/\/iguala3.org\/","name":"Iguala3","description":"Asociaci\u00f3n de Familiares, Amigos y Personas con Da\u00f1o Cerebral de Castilla La Mancha","publisher":{"@id":"https:\/\/iguala3.org\/#organization"},"potentialAction":[{"@type":"SearchAction","target":{"@type":"EntryPoint","urlTemplate":"https:\/\/iguala3.org\/?s={search_term_string}"},"query-input":{"@type":"PropertyValueSpecification","valueRequired":true,"valueName":"search_term_string"}}],"inLanguage":"es"},{"@type":"Organization","@id":"https:\/\/iguala3.org\/#organization","name":"Asociaci\u00f3n de Familiares, Amigos y Personas con Da\u00f1o Cerebral de Castilla-La Mancha","url":"https:\/\/iguala3.org\/","logo":{"@type":"ImageObject","inLanguage":"es","@id":"https:\/\/iguala3.org\/#\/schema\/logo\/image\/","url":"https:\/\/iguala3.org\/wp-content\/uploads\/2015\/06\/Logo-color-I3-e1433841997489.jpg","contentUrl":"https:\/\/iguala3.org\/wp-content\/uploads\/2015\/06\/Logo-color-I3-e1433841997489.jpg","width":211,"height":87,"caption":"Asociaci\u00f3n de Familiares, Amigos y Personas con Da\u00f1o Cerebral de Castilla-La Mancha"},"image":{"@id":"https:\/\/iguala3.org\/#\/schema\/logo\/image\/"},"sameAs":["https:\/\/www.facebook.com\/pages\/Iguala3\/820765978014722","https:\/\/x.com\/iguala3_","https:\/\/www.instagram.com\/iguala_3\/","https:\/\/www.youtube.com\/channel\/UCPO794h8wGRurN_87MYN99w\/videos"]}]}},"_links":{"self":[{"href":"https:\/\/iguala3.org\/index.php\/wp-json\/wp\/v2\/pages\/2082","targetHints":{"allow":["GET"]}}],"collection":[{"href":"https:\/\/iguala3.org\/index.php\/wp-json\/wp\/v2\/pages"}],"about":[{"href":"https:\/\/iguala3.org\/index.php\/wp-json\/wp\/v2\/types\/page"}],"author":[{"embeddable":true,"href":"https:\/\/iguala3.org\/index.php\/wp-json\/wp\/v2\/users\/1"}],"replies":[{"embeddable":true,"href":"https:\/\/iguala3.org\/index.php\/wp-json\/wp\/v2\/comments?post=2082"}],"version-history":[{"count":21,"href":"https:\/\/iguala3.org\/index.php\/wp-json\/wp\/v2\/pages\/2082\/revisions"}],"predecessor-version":[{"id":2440,"href":"https:\/\/iguala3.org\/index.php\/wp-json\/wp\/v2\/pages\/2082\/revisions\/2440"}],"wp:attachment":[{"href":"https:\/\/iguala3.org\/index.php\/wp-json\/wp\/v2\/media?parent=2082"}],"curies":[{"name":"wp","href":"https:\/\/api.w.org\/{rel}","templated":true}]}}