{"id":2346,"date":"2023-04-05T08:00:29","date_gmt":"2023-04-05T07:00:29","guid":{"rendered":"http:\/\/iguala3.org\/?page_id=2346"},"modified":"2026-04-10T09:57:50","modified_gmt":"2026-04-10T08:57:50","slug":"boletines-iguala3","status":"publish","type":"page","link":"https:\/\/iguala3.org\/index.php\/boletines-iguala3\/","title":{"rendered":"Boletines Iguala3"},"content":{"rendered":"\n<p>Desde esta secci\u00f3n podr\u00e1s visualizar los boletines enviados anteriormente. Si deseas que hagamos alguno sobre un tema espec\u00edfico puedes escribirnos a <a href=\"mailto:iguala3@iguala3.org\">iguala3@iguala3.org<\/a><\/p>\n\n\n\n<p><a href=\"http:\/\/iguala3.org\/wp-content\/uploads\/2026\/04\/BOLETIN-INFORMATIVO-IGUALA3-149-TERAPIA-MAGNETICA.pdf\">149 Bolet\u00edn Informativo- Terapia magn\u00e9tica<\/a><\/p>\n\n\n\n<p><a href=\"http:\/\/iguala3.org\/wp-content\/uploads\/2026\/03\/BOLETIN-INFORMATIVO-IGUALA3-148-INDICE-BARTHEL.pdf\">148 Bolet\u00edn Informativo- El \u00cdndice de Barthel<\/a><\/p>\n\n\n\n<p><a href=\"http:\/\/iguala3.org\/wp-content\/uploads\/2026\/03\/BOLETIN-INFORMATIVO-IGUALA3-147-PARALISIS-CUERDAS-VOCALES.pdf\">147 Bolet\u00edn Informativo- Par\u00e1lisis Cuerdas Vocales<\/a><\/p>\n\n\n\n<p><a href=\"http:\/\/iguala3.org\/wp-content\/uploads\/2026\/02\/BOLETIN-INFORMATIVO-IGUALA3-146-Atencion-ELA.pdf\">146 Bolet\u00edn Informativo- Atenci\u00f3n a la ELA<\/a><\/p>\n\n\n\n<p><a href=\"http:\/\/iguala3.org\/wp-content\/uploads\/2026\/02\/BOLETIN-INFORMATIVO-IGUALA3-145-EL-CLIMA-EN-EL-DCA.pdf\">145 Bolet\u00edn Informativo- El clima en el DCA<\/a><\/p>\n\n\n\n<p><a href=\"http:\/\/iguala3.org\/wp-content\/uploads\/2026\/01\/BOLETIN-INFORMATIVO-IGUALA3-144-Logopedia-y-Huntington.pdf\">144 Bolet\u00edn Informativo- Logopedia y Huntington<\/a><\/p>\n\n\n\n<p><a href=\"http:\/\/iguala3.org\/wp-content\/uploads\/2026\/01\/BOLETIN-INFORMATIVO-IGUALA3-143-TERAPIA-EN-ESPEJO.pdf\">143 Bolet\u00edn Informativo- Terapia en espejo<\/a><\/p>\n\n\n\n<p><a href=\"http:\/\/iguala3.org\/wp-content\/uploads\/2025\/12\/BOLETIN-INFORMATIVO-IGUALA3-142-ALIMENTACION-SEGURA-EN-DCA.pdf\">142 Bolet\u00edn Informativo- Alimentaci\u00f3n segura en DCA<\/a><\/p>\n\n\n\n<p><a href=\"http:\/\/iguala3.org\/wp-content\/uploads\/2025\/12\/BOLETIN-INFORMATIVO-IGUALA3-141-EL-DESCANSO-EN-EL-DCA.pdf\">141 Boletin Informativo- El descanso en el DCA<\/a><\/p>\n\n\n\n<p><a href=\"http:\/\/iguala3.org\/wp-content\/uploads\/2025\/11\/BOLETIN-140-IGUALA3-SOBREPROTECCION-FAMILIAR.pdf\">140 Bolet\u00edn Informativo- La sobreprotecci\u00f3n en la familia<\/a><\/p>\n\n\n\n<p><a href=\"http:\/\/iguala3.org\/wp-content\/uploads\/2025\/11\/BOLETIN-INFORMATIVO-IGUALA3-139-APRAXIA.pdf\">139 Bolet\u00edn Informativo- Apraxia<\/a><\/p>\n\n\n\n<p><a href=\"http:\/\/iguala3.org\/wp-content\/uploads\/2025\/10\/BOLETIN-INFORMATIVO-IGUALA3-138-EL-PAPEL-DEL-CUIDADOR.pdf\">138 Bolet\u00edn Informativo- El papel del cuidador<\/a><\/p>\n\n\n\n<p><a href=\"http:\/\/iguala3.org\/wp-content\/uploads\/2025\/10\/BOLETIN-INFORMATIVO-IGUALA-137-FASE-CRONICA-DCA.pdf\">137 Bolet\u00edn Informativo- Fase cr\u00f3nica DCA<\/a><\/p>\n\n\n\n<p><a href=\"http:\/\/iguala3.org\/wp-content\/uploads\/2025\/08\/BOLETIN_INFORMATIVO_IGUALA3_Terapia_Asistida_con_Animales1.pdf\">136 Bolet\u00edn Informativo &#8211; Terapia Animales<\/a><\/p>\n\n\n\n<div class=\"wp-block-columns has-3-columns is-layout-flex wp-container-core-columns-is-layout-9d6595d7 wp-block-columns-is-layout-flex\">\n<div class=\"wp-block-column is-layout-flow wp-block-column-is-layout-flow\">\n<h4 class=\"wp-block-heading has-text-align-left\"><a href=\"http:\/\/iguala3.org\/wp-content\/uploads\/2025\/08\/BOLETIN-INFORMATIVO-IGUALA3-135-HIDRATACION.pdf\">135 Bolet\u00edn Informativo- Hidrataci\u00f3n<\/a><\/h4>\n\n\n\n<p><a href=\"http:\/\/iguala3.org\/wp-content\/uploads\/2025\/02\/BOLETIN-INFORMATIVO-IGUALA3-134-MINDFULNESS-NLC.pdf\" target=\"_blank\" rel=\"noreferrer noopener\">134 Bolet\u00edn Informativo &#8211; Mindfulness<\/a><\/p>\n\n\n\n<p><a href=\"http:\/\/iguala3.org\/wp-content\/uploads\/2024\/12\/BOLETIN-INFORMATIVO-IGUALA3-133-REALIDAD-VIRTUAL-SPM.pdf\" target=\"_blank\" rel=\"noreferrer noopener\">133 Bolet\u00edn Informativo &#8211; Realidad Virtual en DCS<\/a><\/p>\n\n\n\n<p><a href=\"http:\/\/iguala3.org\/wp-content\/uploads\/2024\/11\/BOLETIN-INFORMATIVO-IGUALA3-132-DANZA-EN-DCS.pdf\" target=\"_blank\" rel=\"noreferrer noopener\">132 Bolet\u00edn Informativo &#8211; Danza en DCS<\/a><\/p>\n\n\n\n<p><a href=\"http:\/\/iguala3.org\/wp-content\/uploads\/2024\/11\/BOLETIN-INFORMATIVO-IGUALA3-131-CROSSFIT-ADAPTADO-ACG.pdf\" target=\"_blank\" rel=\"noreferrer noopener\">131 Bolet\u00edn Informativo &#8211; Crossfit Adaptado <\/a><\/p>\n\n\n\n<p><a href=\"http:\/\/iguala3.org\/wp-content\/uploads\/2024\/10\/BOLETIN-INFORMATIVO-IGUALA3-130-SISTEMAS-AUMENTATIVOS-Y-ALTERNATIVOS-DE-COMUNICACION-SPM.pdf\" target=\"_blank\" rel=\"noreferrer noopener\">130 Bolet\u00edn Informativo &#8211; Sistemas aumentativos y alternativos de comunicaci\u00f3n SAAC <\/a><\/p>\n\n\n\n<p><a href=\"http:\/\/iguala3.org\/wp-content\/uploads\/2024\/10\/BOLETIN-INFORMATIVO-IGUALA3-129-ESPASTICIDAD-Y-TOXINA-BOTULINICA-NLC.pdf\" target=\"_blank\" rel=\"noreferrer noopener\">129 Bolet\u00edn Informativo &#8211; La toxina botul\u00ednica en la espasticidad<\/a><\/p>\n\n\n\n<p><a href=\"http:\/\/iguala3.org\/wp-content\/uploads\/2024\/04\/BOLETIN-INFORMATIVO-IGUALA3-128-La-gente-sociable-tiene-mejor-salud-y-vive-mas-1.pdf\" target=\"_blank\" rel=\"noreferrer noopener\">128 Bolet\u00edn Informativo &#8211; La gente sociable tiene mejor salud y vive m\u00e1s<\/a><a href=\"http:\/\/iguala3.org\/wp-content\/uploads\/2024\/04\/BOLETIN-INFORMATIVO-IGUALA3-128-La-gente-sociable-tiene-mejor-salud-y-vive-mas.pdf\" target=\"_blank\" rel=\"noreferrer noopener\"> <\/a><\/p>\n\n\n\n<p><a href=\"http:\/\/iguala3.org\/wp-content\/uploads\/2023\/07\/127-BOLETIN-INFORMATIVO-IGUALA3-NNEE-disfagia.pdf\">127 Bolet\u00edn Informativo &#8211; NNEE Disfagia<\/a><\/p>\n\n\n\n<p><a rel=\"noreferrer noopener\" href=\"http:\/\/iguala3.org\/wp-content\/uploads\/2023\/07\/126-BOLETIN-INFORMATIVO-IGUALA3-Musicoterapia.pdf\" target=\"_blank\">126 Bolet\u00edn Informativo &#8211; M\u00fasicoterapia<\/a><a rel=\"noreferrer noopener\" href=\"http:\/\/iguala3.org\/wp-content\/uploads\/2023\/05\/123-BOLETIN-INFORMATIVO-IGUALA3-Contribuir-a-la-recuperacion.pdf\" target=\"_blank\"><\/a><\/p>\n\n\n\n<p><a href=\"http:\/\/iguala3.org\/wp-content\/uploads\/2023\/06\/125-BOLETIN-INFORMATIVO-IGUALA3-EENM-1.pdf\" target=\"_blank\" rel=\"noreferrer noopener\">125 Bolet\u00edn Informativo &#8211; Electroestimulaci\u00f3n Neuromuscular<\/a><\/p>\n\n\n\n<p><a rel=\"noreferrer noopener\" href=\"http:\/\/iguala3.org\/wp-content\/uploads\/2023\/06\/21-dias-ejercicio.pdf\" target=\"_blank\">124.2 Ficha \u00abReto de 21 d\u00edas de ejercicio\u00bb del bolet\u00edn informativo n\u00ba124<\/a><\/p>\n\n\n\n<p><a rel=\"noreferrer noopener\" href=\"http:\/\/iguala3.org\/wp-content\/uploads\/2023\/06\/124-BOLETIN-INFORMATIVO-IGUALA3-La-importancia-del-ejercicio-fisico.pdf\" target=\"_blank\">124 Bolet\u00edn Informativo &#8211; La importancia del ejercicio f\u00edsico<\/a><\/p>\n\n\n\n<p><a rel=\"noreferrer noopener\" href=\"http:\/\/iguala3.org\/wp-content\/uploads\/2023\/05\/123-BOLETIN-INFORMATIVO-IGUALA3-Contribuir-a-la-recuperacion.pdf\" target=\"_blank\">123 Bolet\u00edn Informativo &#8211; Contribuir a la recuperaci\u00f3n<\/a><\/p>\n\n\n\n<p><a rel=\"noreferrer noopener\" href=\"http:\/\/iguala3.org\/wp-content\/uploads\/2023\/05\/122-BOLETIN-INFORMATIVO-IGUALA3-Cuidarse-para-cuidar.pdf\" target=\"_blank\">122 Bolet\u00edn Informativo &#8211; Cuidarse para cuidar<\/a><\/p>\n\n\n\n<p><a rel=\"noreferrer noopener\" href=\"http:\/\/iguala3.org\/wp-content\/uploads\/2023\/04\/BOLETIN-INFORMATIVO-IGUALA3-121-Impacto-en-Relacion-de-pareja.pdf\" target=\"_blank\">121 Bolet\u00edn Informativo &#8211; Impacto en Relaci\u00f3n de Pareja<\/a><\/p>\n\n\n\n<p><a rel=\"noreferrer noopener\" href=\"http:\/\/iguala3.org\/wp-content\/uploads\/2023\/04\/BOLETIN-INFORMATIVO-IGUALA3-120-perdida-ambigua.pdf\" target=\"_blank\">120 Bolet\u00edn Informativo &#8211; P\u00e9rdida ambigua<\/a><\/p>\n<\/div>\n\n\n\n<div class=\"wp-block-column is-layout-flow wp-block-column-is-layout-flow\"><\/div>\n<\/div>\n\n\n\n<p><\/p>\n\n\n\n\n","protected":false},"excerpt":{"rendered":"<p>Desde esta secci\u00f3n podr\u00e1s visualizar los boletines enviados anteriormente. Si deseas que hagamos alguno sobre un tema espec\u00edfico puedes escribirnos a iguala3@iguala3.org 149 Bolet\u00edn Informativo- Terapia magn\u00e9tica 148 Bolet\u00edn Informativo- El \u00cdndice de Barthel 147 Bolet\u00edn Informativo- Par\u00e1lisis Cuerdas Vocales 146 Bolet\u00edn Informativo- Atenci\u00f3n a la ELA 145 Bolet\u00edn Informativo- El clima en el DCA [&hellip;]<\/p>\n","protected":false},"author":1,"featured_media":0,"parent":0,"menu_order":0,"comment_status":"closed","ping_status":"closed","template":"","meta":{"_bbp_topic_count":0,"_bbp_reply_count":0,"_bbp_total_topic_count":0,"_bbp_total_reply_count":0,"_bbp_voice_count":0,"_bbp_anonymous_reply_count":0,"_bbp_topic_count_hidden":0,"_bbp_reply_count_hidden":0,"_bbp_forum_subforum_count":0,"_monsterinsights_skip_tracking":false,"_monsterinsights_sitenote_active":false,"_monsterinsights_sitenote_note":"","_monsterinsights_sitenote_category":0,"footnotes":""},"class_list":["post-2346","page","type-page","status-publish","czr-hentry"],"yoast_head":"<!-- This site is optimized with the Yoast SEO plugin v27.2 - https:\/\/yoast.com\/product\/yoast-seo-wordpress\/ -->\n<title>Boletines Iguala3 - Iguala3<\/title>\n<meta name=\"robots\" content=\"index, follow, max-snippet:-1, max-image-preview:large, max-video-preview:-1\" \/>\n<link rel=\"canonical\" href=\"https:\/\/iguala3.org\/index.php\/boletines-iguala3\/\" \/>\n<meta property=\"og:locale\" content=\"es_ES\" \/>\n<meta property=\"og:type\" content=\"article\" \/>\n<meta property=\"og:title\" content=\"Boletines Iguala3 - Iguala3\" \/>\n<meta property=\"og:description\" content=\"Desde esta secci\u00f3n podr\u00e1s visualizar los boletines enviados anteriormente. Si deseas que hagamos alguno sobre un tema espec\u00edfico puedes escribirnos a iguala3@iguala3.org 149 Bolet\u00edn Informativo- Terapia magn\u00e9tica 148 Bolet\u00edn Informativo- El \u00cdndice de Barthel 147 Bolet\u00edn Informativo- Par\u00e1lisis Cuerdas Vocales 146 Bolet\u00edn Informativo- Atenci\u00f3n a la ELA 145 Bolet\u00edn Informativo- El clima en el DCA [&hellip;]\" \/>\n<meta property=\"og:url\" content=\"https:\/\/iguala3.org\/index.php\/boletines-iguala3\/\" \/>\n<meta property=\"og:site_name\" content=\"Iguala3\" \/>\n<meta property=\"article:publisher\" content=\"https:\/\/www.facebook.com\/pages\/Iguala3\/820765978014722\" \/>\n<meta property=\"article:modified_time\" content=\"2026-04-10T08:57:50+00:00\" \/>\n<meta property=\"og:image\" content=\"https:\/\/iguala3.org\/wp-content\/uploads\/2015\/06\/Logo-color-I3-e1433841997489.jpg\" \/>\n\t<meta property=\"og:image:width\" content=\"211\" \/>\n\t<meta property=\"og:image:height\" content=\"87\" \/>\n\t<meta property=\"og:image:type\" content=\"image\/jpeg\" \/>\n<meta name=\"twitter:card\" content=\"summary_large_image\" \/>\n<meta name=\"twitter:site\" content=\"@iguala3_\" \/>\n<meta name=\"twitter:label1\" content=\"Tiempo de lectura\" \/>\n\t<meta name=\"twitter:data1\" content=\"2 minutos\" \/>\n<script type=\"application\/ld+json\" class=\"yoast-schema-graph\">{\"@context\":\"https:\/\/schema.org\",\"@graph\":[{\"@type\":\"WebPage\",\"@id\":\"https:\/\/iguala3.org\/index.php\/boletines-iguala3\/\",\"url\":\"https:\/\/iguala3.org\/index.php\/boletines-iguala3\/\",\"name\":\"Boletines Iguala3 - Iguala3\",\"isPartOf\":{\"@id\":\"https:\/\/iguala3.org\/#website\"},\"datePublished\":\"2023-04-05T07:00:29+00:00\",\"dateModified\":\"2026-04-10T08:57:50+00:00\",\"breadcrumb\":{\"@id\":\"https:\/\/iguala3.org\/index.php\/boletines-iguala3\/#breadcrumb\"},\"inLanguage\":\"es\",\"potentialAction\":[{\"@type\":\"ReadAction\",\"target\":[\"https:\/\/iguala3.org\/index.php\/boletines-iguala3\/\"]}]},{\"@type\":\"BreadcrumbList\",\"@id\":\"https:\/\/iguala3.org\/index.php\/boletines-iguala3\/#breadcrumb\",\"itemListElement\":[{\"@type\":\"ListItem\",\"position\":1,\"name\":\"Portada\",\"item\":\"https:\/\/iguala3.org\/\"},{\"@type\":\"ListItem\",\"position\":2,\"name\":\"Boletines Iguala3\"}]},{\"@type\":\"WebSite\",\"@id\":\"https:\/\/iguala3.org\/#website\",\"url\":\"https:\/\/iguala3.org\/\",\"name\":\"Iguala3\",\"description\":\"Asociaci\u00f3n de Familiares, Amigos y Personas con Da\u00f1o Cerebral de Castilla La Mancha\",\"publisher\":{\"@id\":\"https:\/\/iguala3.org\/#organization\"},\"potentialAction\":[{\"@type\":\"SearchAction\",\"target\":{\"@type\":\"EntryPoint\",\"urlTemplate\":\"https:\/\/iguala3.org\/?s={search_term_string}\"},\"query-input\":{\"@type\":\"PropertyValueSpecification\",\"valueRequired\":true,\"valueName\":\"search_term_string\"}}],\"inLanguage\":\"es\"},{\"@type\":\"Organization\",\"@id\":\"https:\/\/iguala3.org\/#organization\",\"name\":\"Asociaci\u00f3n de Familiares, Amigos y Personas con Da\u00f1o Cerebral de Castilla-La Mancha\",\"url\":\"https:\/\/iguala3.org\/\",\"logo\":{\"@type\":\"ImageObject\",\"inLanguage\":\"es\",\"@id\":\"https:\/\/iguala3.org\/#\/schema\/logo\/image\/\",\"url\":\"https:\/\/iguala3.org\/wp-content\/uploads\/2015\/06\/Logo-color-I3-e1433841997489.jpg\",\"contentUrl\":\"https:\/\/iguala3.org\/wp-content\/uploads\/2015\/06\/Logo-color-I3-e1433841997489.jpg\",\"width\":211,\"height\":87,\"caption\":\"Asociaci\u00f3n de Familiares, Amigos y Personas con Da\u00f1o Cerebral de Castilla-La Mancha\"},\"image\":{\"@id\":\"https:\/\/iguala3.org\/#\/schema\/logo\/image\/\"},\"sameAs\":[\"https:\/\/www.facebook.com\/pages\/Iguala3\/820765978014722\",\"https:\/\/x.com\/iguala3_\",\"https:\/\/www.instagram.com\/iguala_3\/\",\"https:\/\/www.youtube.com\/channel\/UCPO794h8wGRurN_87MYN99w\/videos\"]}]}<\/script>\n<!-- \/ Yoast SEO plugin. -->","yoast_head_json":{"title":"Boletines Iguala3 - Iguala3","robots":{"index":"index","follow":"follow","max-snippet":"max-snippet:-1","max-image-preview":"max-image-preview:large","max-video-preview":"max-video-preview:-1"},"canonical":"https:\/\/iguala3.org\/index.php\/boletines-iguala3\/","og_locale":"es_ES","og_type":"article","og_title":"Boletines Iguala3 - Iguala3","og_description":"Desde esta secci\u00f3n podr\u00e1s visualizar los boletines enviados anteriormente. Si deseas que hagamos alguno sobre un tema espec\u00edfico puedes escribirnos a iguala3@iguala3.org 149 Bolet\u00edn Informativo- Terapia magn\u00e9tica 148 Bolet\u00edn Informativo- El \u00cdndice de Barthel 147 Bolet\u00edn Informativo- Par\u00e1lisis Cuerdas Vocales 146 Bolet\u00edn Informativo- Atenci\u00f3n a la ELA 145 Bolet\u00edn Informativo- El clima en el DCA [&hellip;]","og_url":"https:\/\/iguala3.org\/index.php\/boletines-iguala3\/","og_site_name":"Iguala3","article_publisher":"https:\/\/www.facebook.com\/pages\/Iguala3\/820765978014722","article_modified_time":"2026-04-10T08:57:50+00:00","og_image":[{"width":211,"height":87,"url":"https:\/\/iguala3.org\/wp-content\/uploads\/2015\/06\/Logo-color-I3-e1433841997489.jpg","type":"image\/jpeg"}],"twitter_card":"summary_large_image","twitter_site":"@iguala3_","twitter_misc":{"Tiempo de lectura":"2 minutos"},"schema":{"@context":"https:\/\/schema.org","@graph":[{"@type":"WebPage","@id":"https:\/\/iguala3.org\/index.php\/boletines-iguala3\/","url":"https:\/\/iguala3.org\/index.php\/boletines-iguala3\/","name":"Boletines Iguala3 - Iguala3","isPartOf":{"@id":"https:\/\/iguala3.org\/#website"},"datePublished":"2023-04-05T07:00:29+00:00","dateModified":"2026-04-10T08:57:50+00:00","breadcrumb":{"@id":"https:\/\/iguala3.org\/index.php\/boletines-iguala3\/#breadcrumb"},"inLanguage":"es","potentialAction":[{"@type":"ReadAction","target":["https:\/\/iguala3.org\/index.php\/boletines-iguala3\/"]}]},{"@type":"BreadcrumbList","@id":"https:\/\/iguala3.org\/index.php\/boletines-iguala3\/#breadcrumb","itemListElement":[{"@type":"ListItem","position":1,"name":"Portada","item":"https:\/\/iguala3.org\/"},{"@type":"ListItem","position":2,"name":"Boletines Iguala3"}]},{"@type":"WebSite","@id":"https:\/\/iguala3.org\/#website","url":"https:\/\/iguala3.org\/","name":"Iguala3","description":"Asociaci\u00f3n de Familiares, Amigos y Personas con Da\u00f1o Cerebral de Castilla La Mancha","publisher":{"@id":"https:\/\/iguala3.org\/#organization"},"potentialAction":[{"@type":"SearchAction","target":{"@type":"EntryPoint","urlTemplate":"https:\/\/iguala3.org\/?s={search_term_string}"},"query-input":{"@type":"PropertyValueSpecification","valueRequired":true,"valueName":"search_term_string"}}],"inLanguage":"es"},{"@type":"Organization","@id":"https:\/\/iguala3.org\/#organization","name":"Asociaci\u00f3n de Familiares, Amigos y Personas con Da\u00f1o Cerebral de Castilla-La Mancha","url":"https:\/\/iguala3.org\/","logo":{"@type":"ImageObject","inLanguage":"es","@id":"https:\/\/iguala3.org\/#\/schema\/logo\/image\/","url":"https:\/\/iguala3.org\/wp-content\/uploads\/2015\/06\/Logo-color-I3-e1433841997489.jpg","contentUrl":"https:\/\/iguala3.org\/wp-content\/uploads\/2015\/06\/Logo-color-I3-e1433841997489.jpg","width":211,"height":87,"caption":"Asociaci\u00f3n de Familiares, Amigos y Personas con Da\u00f1o Cerebral de Castilla-La Mancha"},"image":{"@id":"https:\/\/iguala3.org\/#\/schema\/logo\/image\/"},"sameAs":["https:\/\/www.facebook.com\/pages\/Iguala3\/820765978014722","https:\/\/x.com\/iguala3_","https:\/\/www.instagram.com\/iguala_3\/","https:\/\/www.youtube.com\/channel\/UCPO794h8wGRurN_87MYN99w\/videos"]}]}},"_links":{"self":[{"href":"https:\/\/iguala3.org\/index.php\/wp-json\/wp\/v2\/pages\/2346","targetHints":{"allow":["GET"]}}],"collection":[{"href":"https:\/\/iguala3.org\/index.php\/wp-json\/wp\/v2\/pages"}],"about":[{"href":"https:\/\/iguala3.org\/index.php\/wp-json\/wp\/v2\/types\/page"}],"author":[{"embeddable":true,"href":"https:\/\/iguala3.org\/index.php\/wp-json\/wp\/v2\/users\/1"}],"replies":[{"embeddable":true,"href":"https:\/\/iguala3.org\/index.php\/wp-json\/wp\/v2\/comments?post=2346"}],"version-history":[{"count":44,"href":"https:\/\/iguala3.org\/index.php\/wp-json\/wp\/v2\/pages\/2346\/revisions"}],"predecessor-version":[{"id":2723,"href":"https:\/\/iguala3.org\/index.php\/wp-json\/wp\/v2\/pages\/2346\/revisions\/2723"}],"wp:attachment":[{"href":"https:\/\/iguala3.org\/index.php\/wp-json\/wp\/v2\/media?parent=2346"}],"curies":[{"name":"wp","href":"https:\/\/api.w.org\/{rel}","templated":true}]}}