{"id":330,"date":"2015-11-02T13:14:40","date_gmt":"2015-11-02T12:14:40","guid":{"rendered":"http:\/\/iguala3.org\/?page_id=330"},"modified":"2016-11-03T11:16:32","modified_gmt":"2016-11-03T10:16:32","slug":"tienda-solidaria-3","status":"publish","type":"page","link":"https:\/\/iguala3.org\/index.php\/tienda-solidaria-3\/","title":{"rendered":"Tienda Solidaria"},"content":{"rendered":"<h1 style=\"text-align: left;\"><a href=\"http:\/\/iguala3.org\/wp-content\/uploads\/2015\/09\/camiseta-solidaria.jpg\"><img loading=\"lazy\" decoding=\"async\" class=\"size-medium wp-image-234 alignleft\" src=\"http:\/\/iguala3.org\/wp-content\/uploads\/2015\/09\/camiseta-solidaria-300x265.jpg\" alt=\"camiseta solidaria\" width=\"300\" height=\"265\" srcset=\"https:\/\/iguala3.org\/wp-content\/uploads\/2015\/09\/camiseta-solidaria-300x265.jpg 300w, https:\/\/iguala3.org\/wp-content\/uploads\/2015\/09\/camiseta-solidaria.jpg 346w\" sizes=\"auto, (max-width: 300px) 100vw, 300px\" \/><\/a><strong>Camiseta Solidaria Iguala3.<\/strong><\/h1>\n<p style=\"text-align: left;\">100% algod\u00f3n. Verde botella y dise\u00f1o en blanco.<\/p>\n<p style=\"text-align: left;\">Tallas: S \/ M \/ L \/ XL<\/p>\n<h1 style=\"text-align: left;\"><span style=\"color: #008000;\"><strong>10,00 \u20ac\u00a0<\/strong><\/span><\/h1>\n<p>&nbsp;<\/p>\n<h3><\/h3>\n<p>&nbsp;<\/p>\n<p><strong>Donaci\u00f3n Solidaria.<\/strong><\/p>\n<p style=\"text-align: left;\">Tambi\u00e9n puedes colaborar a trav\u00e9s de una donaci\u00f3n puntual. Los usuarios de nuestra Asociaci\u00f3n te lo agradecer\u00e1n, pues todo lo que aportes va destinado a mejorar su atenci\u00f3n.<br \/>\n<a href=\"http:\/\/iguala3.org\/wp-content\/uploads\/2015\/09\/recibo-donaci\u00f3n.jpg\"><img loading=\"lazy\" decoding=\"async\" class=\"size-medium wp-image-233 aligncenter\" src=\"http:\/\/iguala3.org\/wp-content\/uploads\/2015\/09\/recibo-donaci\u00f3n-300x217.jpg\" alt=\"recibo donaci\u00f3n\" width=\"300\" height=\"217\" srcset=\"https:\/\/iguala3.org\/wp-content\/uploads\/2015\/09\/recibo-donaci\u00f3n-300x217.jpg 300w, https:\/\/iguala3.org\/wp-content\/uploads\/2015\/09\/recibo-donaci\u00f3n.jpg 313w\" sizes=\"auto, (max-width: 300px) 100vw, 300px\" \/><\/a><\/p>\n","protected":false},"excerpt":{"rendered":"<p>Camiseta Solidaria Iguala3. 100% algod\u00f3n. Verde botella y dise\u00f1o en blanco. Tallas: S \/ M \/ L \/ XL 10,00 \u20ac\u00a0 &nbsp; &nbsp; Donaci\u00f3n Solidaria. Tambi\u00e9n puedes colaborar a trav\u00e9s de una donaci\u00f3n puntual. Los usuarios de nuestra Asociaci\u00f3n te lo agradecer\u00e1n, pues todo lo que aportes va destinado a mejorar su atenci\u00f3n.<\/p>\n","protected":false},"author":1,"featured_media":0,"parent":0,"menu_order":0,"comment_status":"closed","ping_status":"closed","template":"","meta":{"_bbp_topic_count":0,"_bbp_reply_count":0,"_bbp_total_topic_count":0,"_bbp_total_reply_count":0,"_bbp_voice_count":0,"_bbp_anonymous_reply_count":0,"_bbp_topic_count_hidden":0,"_bbp_reply_count_hidden":0,"_bbp_forum_subforum_count":0,"_monsterinsights_skip_tracking":false,"_monsterinsights_sitenote_active":false,"_monsterinsights_sitenote_note":"","_monsterinsights_sitenote_category":0,"footnotes":""},"class_list":["post-330","page","type-page","status-publish","czr-hentry"],"yoast_head":"<!-- This site is optimized with the Yoast SEO plugin v27.2 - https:\/\/yoast.com\/product\/yoast-seo-wordpress\/ -->\n<title>Tienda Solidaria - Iguala3<\/title>\n<meta name=\"robots\" content=\"index, follow, max-snippet:-1, max-image-preview:large, max-video-preview:-1\" \/>\n<link rel=\"canonical\" href=\"https:\/\/iguala3.org\/index.php\/tienda-solidaria-3\/\" \/>\n<meta property=\"og:locale\" content=\"es_ES\" \/>\n<meta property=\"og:type\" content=\"article\" \/>\n<meta property=\"og:title\" content=\"Tienda Solidaria - Iguala3\" \/>\n<meta property=\"og:description\" content=\"Camiseta Solidaria Iguala3. 100% algod\u00f3n. Verde botella y dise\u00f1o en blanco. Tallas: S \/ M \/ L \/ XL 10,00 \u20ac\u00a0 &nbsp; &nbsp; Donaci\u00f3n Solidaria. Tambi\u00e9n puedes colaborar a trav\u00e9s de una donaci\u00f3n puntual. Los usuarios de nuestra Asociaci\u00f3n te lo agradecer\u00e1n, pues todo lo que aportes va destinado a mejorar su atenci\u00f3n.\" \/>\n<meta property=\"og:url\" content=\"https:\/\/iguala3.org\/index.php\/tienda-solidaria-3\/\" \/>\n<meta property=\"og:site_name\" content=\"Iguala3\" \/>\n<meta property=\"article:publisher\" content=\"https:\/\/www.facebook.com\/pages\/Iguala3\/820765978014722\" \/>\n<meta property=\"article:modified_time\" content=\"2016-11-03T10:16:32+00:00\" \/>\n<meta property=\"og:image\" content=\"http:\/\/iguala3.org\/wp-content\/uploads\/2015\/09\/camiseta-solidaria-300x265.jpg\" \/>\n<meta name=\"twitter:card\" content=\"summary_large_image\" \/>\n<meta name=\"twitter:site\" content=\"@iguala3_\" \/>\n<script type=\"application\/ld+json\" class=\"yoast-schema-graph\">{\"@context\":\"https:\/\/schema.org\",\"@graph\":[{\"@type\":\"WebPage\",\"@id\":\"https:\/\/iguala3.org\/index.php\/tienda-solidaria-3\/\",\"url\":\"https:\/\/iguala3.org\/index.php\/tienda-solidaria-3\/\",\"name\":\"Tienda Solidaria - Iguala3\",\"isPartOf\":{\"@id\":\"https:\/\/iguala3.org\/#website\"},\"primaryImageOfPage\":{\"@id\":\"https:\/\/iguala3.org\/index.php\/tienda-solidaria-3\/#primaryimage\"},\"image\":{\"@id\":\"https:\/\/iguala3.org\/index.php\/tienda-solidaria-3\/#primaryimage\"},\"thumbnailUrl\":\"http:\/\/iguala3.org\/wp-content\/uploads\/2015\/09\/camiseta-solidaria-300x265.jpg\",\"datePublished\":\"2015-11-02T12:14:40+00:00\",\"dateModified\":\"2016-11-03T10:16:32+00:00\",\"breadcrumb\":{\"@id\":\"https:\/\/iguala3.org\/index.php\/tienda-solidaria-3\/#breadcrumb\"},\"inLanguage\":\"es\",\"potentialAction\":[{\"@type\":\"ReadAction\",\"target\":[\"https:\/\/iguala3.org\/index.php\/tienda-solidaria-3\/\"]}]},{\"@type\":\"ImageObject\",\"inLanguage\":\"es\",\"@id\":\"https:\/\/iguala3.org\/index.php\/tienda-solidaria-3\/#primaryimage\",\"url\":\"https:\/\/iguala3.org\/wp-content\/uploads\/2015\/09\/camiseta-solidaria.jpg\",\"contentUrl\":\"https:\/\/iguala3.org\/wp-content\/uploads\/2015\/09\/camiseta-solidaria.jpg\",\"width\":346,\"height\":306},{\"@type\":\"BreadcrumbList\",\"@id\":\"https:\/\/iguala3.org\/index.php\/tienda-solidaria-3\/#breadcrumb\",\"itemListElement\":[{\"@type\":\"ListItem\",\"position\":1,\"name\":\"Portada\",\"item\":\"https:\/\/iguala3.org\/\"},{\"@type\":\"ListItem\",\"position\":2,\"name\":\"Tienda Solidaria\"}]},{\"@type\":\"WebSite\",\"@id\":\"https:\/\/iguala3.org\/#website\",\"url\":\"https:\/\/iguala3.org\/\",\"name\":\"Iguala3\",\"description\":\"Asociaci\u00f3n de Familiares, Amigos y Personas con Da\u00f1o Cerebral de Castilla La Mancha\",\"publisher\":{\"@id\":\"https:\/\/iguala3.org\/#organization\"},\"potentialAction\":[{\"@type\":\"SearchAction\",\"target\":{\"@type\":\"EntryPoint\",\"urlTemplate\":\"https:\/\/iguala3.org\/?s={search_term_string}\"},\"query-input\":{\"@type\":\"PropertyValueSpecification\",\"valueRequired\":true,\"valueName\":\"search_term_string\"}}],\"inLanguage\":\"es\"},{\"@type\":\"Organization\",\"@id\":\"https:\/\/iguala3.org\/#organization\",\"name\":\"Asociaci\u00f3n de Familiares, Amigos y Personas con Da\u00f1o Cerebral de Castilla-La Mancha\",\"url\":\"https:\/\/iguala3.org\/\",\"logo\":{\"@type\":\"ImageObject\",\"inLanguage\":\"es\",\"@id\":\"https:\/\/iguala3.org\/#\/schema\/logo\/image\/\",\"url\":\"https:\/\/iguala3.org\/wp-content\/uploads\/2015\/06\/Logo-color-I3-e1433841997489.jpg\",\"contentUrl\":\"https:\/\/iguala3.org\/wp-content\/uploads\/2015\/06\/Logo-color-I3-e1433841997489.jpg\",\"width\":211,\"height\":87,\"caption\":\"Asociaci\u00f3n de Familiares, Amigos y Personas con Da\u00f1o Cerebral de Castilla-La Mancha\"},\"image\":{\"@id\":\"https:\/\/iguala3.org\/#\/schema\/logo\/image\/\"},\"sameAs\":[\"https:\/\/www.facebook.com\/pages\/Iguala3\/820765978014722\",\"https:\/\/x.com\/iguala3_\",\"https:\/\/www.instagram.com\/iguala_3\/\",\"https:\/\/www.youtube.com\/channel\/UCPO794h8wGRurN_87MYN99w\/videos\"]}]}<\/script>\n<!-- \/ Yoast SEO plugin. -->","yoast_head_json":{"title":"Tienda Solidaria - Iguala3","robots":{"index":"index","follow":"follow","max-snippet":"max-snippet:-1","max-image-preview":"max-image-preview:large","max-video-preview":"max-video-preview:-1"},"canonical":"https:\/\/iguala3.org\/index.php\/tienda-solidaria-3\/","og_locale":"es_ES","og_type":"article","og_title":"Tienda Solidaria - Iguala3","og_description":"Camiseta Solidaria Iguala3. 100% algod\u00f3n. Verde botella y dise\u00f1o en blanco. Tallas: S \/ M \/ L \/ XL 10,00 \u20ac\u00a0 &nbsp; &nbsp; Donaci\u00f3n Solidaria. Tambi\u00e9n puedes colaborar a trav\u00e9s de una donaci\u00f3n puntual. Los usuarios de nuestra Asociaci\u00f3n te lo agradecer\u00e1n, pues todo lo que aportes va destinado a mejorar su atenci\u00f3n.","og_url":"https:\/\/iguala3.org\/index.php\/tienda-solidaria-3\/","og_site_name":"Iguala3","article_publisher":"https:\/\/www.facebook.com\/pages\/Iguala3\/820765978014722","article_modified_time":"2016-11-03T10:16:32+00:00","og_image":[{"url":"http:\/\/iguala3.org\/wp-content\/uploads\/2015\/09\/camiseta-solidaria-300x265.jpg","type":"","width":"","height":""}],"twitter_card":"summary_large_image","twitter_site":"@iguala3_","schema":{"@context":"https:\/\/schema.org","@graph":[{"@type":"WebPage","@id":"https:\/\/iguala3.org\/index.php\/tienda-solidaria-3\/","url":"https:\/\/iguala3.org\/index.php\/tienda-solidaria-3\/","name":"Tienda Solidaria - Iguala3","isPartOf":{"@id":"https:\/\/iguala3.org\/#website"},"primaryImageOfPage":{"@id":"https:\/\/iguala3.org\/index.php\/tienda-solidaria-3\/#primaryimage"},"image":{"@id":"https:\/\/iguala3.org\/index.php\/tienda-solidaria-3\/#primaryimage"},"thumbnailUrl":"http:\/\/iguala3.org\/wp-content\/uploads\/2015\/09\/camiseta-solidaria-300x265.jpg","datePublished":"2015-11-02T12:14:40+00:00","dateModified":"2016-11-03T10:16:32+00:00","breadcrumb":{"@id":"https:\/\/iguala3.org\/index.php\/tienda-solidaria-3\/#breadcrumb"},"inLanguage":"es","potentialAction":[{"@type":"ReadAction","target":["https:\/\/iguala3.org\/index.php\/tienda-solidaria-3\/"]}]},{"@type":"ImageObject","inLanguage":"es","@id":"https:\/\/iguala3.org\/index.php\/tienda-solidaria-3\/#primaryimage","url":"https:\/\/iguala3.org\/wp-content\/uploads\/2015\/09\/camiseta-solidaria.jpg","contentUrl":"https:\/\/iguala3.org\/wp-content\/uploads\/2015\/09\/camiseta-solidaria.jpg","width":346,"height":306},{"@type":"BreadcrumbList","@id":"https:\/\/iguala3.org\/index.php\/tienda-solidaria-3\/#breadcrumb","itemListElement":[{"@type":"ListItem","position":1,"name":"Portada","item":"https:\/\/iguala3.org\/"},{"@type":"ListItem","position":2,"name":"Tienda Solidaria"}]},{"@type":"WebSite","@id":"https:\/\/iguala3.org\/#website","url":"https:\/\/iguala3.org\/","name":"Iguala3","description":"Asociaci\u00f3n de Familiares, Amigos y Personas con Da\u00f1o Cerebral de Castilla La Mancha","publisher":{"@id":"https:\/\/iguala3.org\/#organization"},"potentialAction":[{"@type":"SearchAction","target":{"@type":"EntryPoint","urlTemplate":"https:\/\/iguala3.org\/?s={search_term_string}"},"query-input":{"@type":"PropertyValueSpecification","valueRequired":true,"valueName":"search_term_string"}}],"inLanguage":"es"},{"@type":"Organization","@id":"https:\/\/iguala3.org\/#organization","name":"Asociaci\u00f3n de Familiares, Amigos y Personas con Da\u00f1o Cerebral de Castilla-La Mancha","url":"https:\/\/iguala3.org\/","logo":{"@type":"ImageObject","inLanguage":"es","@id":"https:\/\/iguala3.org\/#\/schema\/logo\/image\/","url":"https:\/\/iguala3.org\/wp-content\/uploads\/2015\/06\/Logo-color-I3-e1433841997489.jpg","contentUrl":"https:\/\/iguala3.org\/wp-content\/uploads\/2015\/06\/Logo-color-I3-e1433841997489.jpg","width":211,"height":87,"caption":"Asociaci\u00f3n de Familiares, Amigos y Personas con Da\u00f1o Cerebral de Castilla-La Mancha"},"image":{"@id":"https:\/\/iguala3.org\/#\/schema\/logo\/image\/"},"sameAs":["https:\/\/www.facebook.com\/pages\/Iguala3\/820765978014722","https:\/\/x.com\/iguala3_","https:\/\/www.instagram.com\/iguala_3\/","https:\/\/www.youtube.com\/channel\/UCPO794h8wGRurN_87MYN99w\/videos"]}]}},"_links":{"self":[{"href":"https:\/\/iguala3.org\/index.php\/wp-json\/wp\/v2\/pages\/330","targetHints":{"allow":["GET"]}}],"collection":[{"href":"https:\/\/iguala3.org\/index.php\/wp-json\/wp\/v2\/pages"}],"about":[{"href":"https:\/\/iguala3.org\/index.php\/wp-json\/wp\/v2\/types\/page"}],"author":[{"embeddable":true,"href":"https:\/\/iguala3.org\/index.php\/wp-json\/wp\/v2\/users\/1"}],"replies":[{"embeddable":true,"href":"https:\/\/iguala3.org\/index.php\/wp-json\/wp\/v2\/comments?post=330"}],"version-history":[{"count":12,"href":"https:\/\/iguala3.org\/index.php\/wp-json\/wp\/v2\/pages\/330\/revisions"}],"predecessor-version":[{"id":2682,"href":"https:\/\/iguala3.org\/index.php\/wp-json\/wp\/v2\/pages\/330\/revisions\/2682"}],"wp:attachment":[{"href":"https:\/\/iguala3.org\/index.php\/wp-json\/wp\/v2\/media?parent=330"}],"curies":[{"name":"wp","href":"https:\/\/api.w.org\/{rel}","templated":true}]}}